{"id":2656,"date":"2019-01-29T14:36:23","date_gmt":"2019-01-29T13:36:23","guid":{"rendered":"http:\/\/mirco.pl\/produkt\/sedadlo-mirco-classic-s\/"},"modified":"2025-07-24T11:28:33","modified_gmt":"2025-07-24T09:28:33","slug":"sedadlo-mirco-classic-s","status":"publish","type":"product","link":"https:\/\/mirco.pl\/cs\/produkt\/sedadlo-mirco-classic-s\/","title":{"rendered":"SEDADLO MIRCO CLASSIC-S"},"content":{"rendered":"<div>\n<p style=\"text-align: center;\">Potah sedadla m\u016f\u017ee b\u00fdt vyroben z veluru, 3D tkaniny, \u017eak\u00e1ru nebo um\u011bl\u00e9 k\u016f\u017ee.<\/p>\n<\/div>\n<div><\/div>\n<p><a class=\"oceanwp-lightbox\" href=\"http:\/\/mirco.pl\/wp-content\/uploads\/2018\/11\/KOLORY-MATERIA%C5%81OW-1.jpg\" data-slimstat=\"5\"><img fetchpriority=\"high\" decoding=\"async\" class=\"wp-image-469 size-full aligncenter\" src=\"http:\/\/mirco.pl\/wp-content\/uploads\/2018\/11\/KOLORY-MATERIA%C5%81OW-1.jpg\" alt=\"\" width=\"960\" height=\"250\" \/><\/a><\/p>\n<div><\/div>\n<div><\/div>\n<p style=\"text-align: center;\">Dostupn\u00e9 barvy materi\u00e1l\u016f<\/p>\n<p><a class=\"oceanwp-lightbox\" href=\"http:\/\/mirco.pl\/wp-content\/uploads\/2018\/11\/MATERIA\u0141Y.jpg\" data-slimstat=\"5\"><img decoding=\"async\" class=\"alignleft wp-image-474 size-medium\" src=\"http:\/\/mirco.pl\/wp-content\/uploads\/2018\/11\/MATERIA\u0141Y-240x300.jpg\" alt=\"\" width=\"240\" height=\"300\" srcset=\"https:\/\/mirco.pl\/wp-content\/uploads\/2018\/11\/MATERIA\u0141Y-240x300.jpg 240w, https:\/\/mirco.pl\/wp-content\/uploads\/2018\/11\/MATERIA\u0141Y-600x750.jpg 600w, https:\/\/mirco.pl\/wp-content\/uploads\/2018\/11\/MATERIA\u0141Y-768x960.jpg 768w, https:\/\/mirco.pl\/wp-content\/uploads\/2018\/11\/MATERIA\u0141Y-819x1024.jpg 819w, https:\/\/mirco.pl\/wp-content\/uploads\/2018\/11\/MATERIA\u0141Y.jpg 960w\" sizes=\"(max-width: 240px) 100vw, 240px\" \/><\/a><\/p>\n<p><a class=\"oceanwp-lightbox\" href=\"http:\/\/mirco.pl\/wp-content\/uploads\/2018\/11\/MATERIA\u0141Y-3D.jpg\" data-slimstat=\"5\"><img decoding=\"async\" class=\"alignleft wp-image-486 size-medium\" src=\"http:\/\/mirco.pl\/wp-content\/uploads\/2018\/11\/MATERIA\u0141Y-3D-240x300.jpg\" alt=\"\" width=\"240\" height=\"300\" srcset=\"https:\/\/mirco.pl\/wp-content\/uploads\/2018\/11\/MATERIA\u0141Y-3D-240x300.jpg 240w, https:\/\/mirco.pl\/wp-content\/uploads\/2018\/11\/MATERIA\u0141Y-3D-600x750.jpg 600w, https:\/\/mirco.pl\/wp-content\/uploads\/2018\/11\/MATERIA\u0141Y-3D-768x960.jpg 768w, https:\/\/mirco.pl\/wp-content\/uploads\/2018\/11\/MATERIA\u0141Y-3D-819x1024.jpg 819w, https:\/\/mirco.pl\/wp-content\/uploads\/2018\/11\/MATERIA\u0141Y-3D.jpg 960w\" sizes=\"(max-width: 240px) 100vw, 240px\" \/><\/a><\/p>\n<p><a class=\"oceanwp-lightbox\" href=\"http:\/\/mirco.pl\/wp-content\/uploads\/2018\/11\/MATERIA\u0141Y-PL.jpg\" data-slimstat=\"5\"><img loading=\"lazy\" decoding=\"async\" class=\"alignleft wp-image-482 size-medium\" src=\"http:\/\/mirco.pl\/wp-content\/uploads\/2018\/11\/MATERIA\u0141Y-PL-240x300.jpg\" alt=\"\" width=\"240\" height=\"300\" srcset=\"https:\/\/mirco.pl\/wp-content\/uploads\/2018\/11\/MATERIA\u0141Y-PL-240x300.jpg 240w, https:\/\/mirco.pl\/wp-content\/uploads\/2018\/11\/MATERIA\u0141Y-PL-600x750.jpg 600w, https:\/\/mirco.pl\/wp-content\/uploads\/2018\/11\/MATERIA\u0141Y-PL-768x960.jpg 768w, https:\/\/mirco.pl\/wp-content\/uploads\/2018\/11\/MATERIA\u0141Y-PL-819x1024.jpg 819w, https:\/\/mirco.pl\/wp-content\/uploads\/2018\/11\/MATERIA\u0141Y-PL.jpg 960w\" sizes=\"(max-width: 240px) 100vw, 240px\" \/><\/a><\/p>\n<p><a class=\"oceanwp-lightbox\" href=\"http:\/\/mirco.pl\/wp-content\/uploads\/2018\/11\/MATERIA\u0141Y-N.jpg\" data-slimstat=\"5\"><img loading=\"lazy\" decoding=\"async\" class=\"alignleft wp-image-478 size-medium\" src=\"http:\/\/mirco.pl\/wp-content\/uploads\/2018\/11\/MATERIA\u0141Y-N-240x300.jpg\" alt=\"\" width=\"240\" height=\"300\" srcset=\"https:\/\/mirco.pl\/wp-content\/uploads\/2018\/11\/MATERIA\u0141Y-N-240x300.jpg 240w, https:\/\/mirco.pl\/wp-content\/uploads\/2018\/11\/MATERIA\u0141Y-N-600x750.jpg 600w, https:\/\/mirco.pl\/wp-content\/uploads\/2018\/11\/MATERIA\u0141Y-N-768x960.jpg 768w, https:\/\/mirco.pl\/wp-content\/uploads\/2018\/11\/MATERIA\u0141Y-N-819x1024.jpg 819w, https:\/\/mirco.pl\/wp-content\/uploads\/2018\/11\/MATERIA\u0141Y-N.jpg 960w\" sizes=\"(max-width: 240px) 100vw, 240px\" \/><\/a><\/p>\n<p>&nbsp;<\/p>\n<p>&nbsp;<\/p>\n<p>&nbsp;<\/p>\n<p>&nbsp;<\/p>\n<p>&nbsp;<\/p>\n<p>&nbsp;<\/p>\n<p>&nbsp;<\/p>\n<p>&nbsp;<\/p>\n<p>&nbsp;<\/p>\n<p>&nbsp;<\/p>\n<p>&nbsp;<\/p>\n<p>&nbsp;<\/p>\n<p>&nbsp;<\/p>\n<p>&nbsp;<\/p>\n<p>&nbsp;<\/p>\n<p>&nbsp;<\/p>\n","protected":false},"excerpt":{"rendered":"<h1><span style=\"color: #ff0000;\"><strong><a style=\"color: #ff0000;\" href=\"https:\/\/4-rally.pl\/34-klasyczne\">BUY NOW<\/a><\/strong><\/span><\/h1>\n<p><strong>MIRCO CLASSIC-S<\/strong><\/p>\n<p>K\u0159eslo je vyrobeno z polyester-skeln\u00e9ho lamin\u00e1tu &#8211; monolitick\u00e9 konstrukce,<\/p>\n<p><strong>DAL\u0160\u00cd INFORMACE O PRODUKTU:<\/strong><\/p>\n<p>Dr\u017e\u00e1ky: bo\u010dn\u00ed<\/p>\n<p>Hmotnost: 5-8 kg<\/p>\n<p>Sedadlo nem\u00e1 homologaci<\/p>\n<p>Ur\u010deno pro osoby s hmotnost\u00ed do 100 kg a v\u00fd\u0161kou 190 cm * (p\u0159ibli\u017en\u00e9 \u00fadaje).<\/p>\n","protected":false},"featured_media":2657,"comment_status":"closed","ping_status":"closed","template":"","meta":{"ocean_post_layout":"","ocean_both_sidebars_style":"","ocean_both_sidebars_content_width":0,"ocean_both_sidebars_sidebars_width":0,"ocean_sidebar":"0","ocean_second_sidebar":"0","ocean_disable_margins":"enable","ocean_add_body_class":"","ocean_shortcode_before_top_bar":"","ocean_shortcode_after_top_bar":"","ocean_shortcode_before_header":"","ocean_shortcode_after_header":"","ocean_has_shortcode":"","ocean_shortcode_after_title":"","ocean_shortcode_before_footer_widgets":"","ocean_shortcode_after_footer_widgets":"","ocean_shortcode_before_footer_bottom":"","ocean_shortcode_after_footer_bottom":"","ocean_display_top_bar":"default","ocean_display_header":"default","ocean_header_style":"","ocean_center_header_left_menu":"0","ocean_custom_header_template":"0","ocean_custom_logo":0,"ocean_custom_retina_logo":0,"ocean_custom_logo_max_width":0,"ocean_custom_logo_tablet_max_width":0,"ocean_custom_logo_mobile_max_width":0,"ocean_custom_logo_max_height":0,"ocean_custom_logo_tablet_max_height":0,"ocean_custom_logo_mobile_max_height":0,"ocean_header_custom_menu":"0","ocean_menu_typo_font_family":"0","ocean_menu_typo_font_subset":"","ocean_menu_typo_font_size":0,"ocean_menu_typo_font_size_tablet":0,"ocean_menu_typo_font_size_mobile":0,"ocean_menu_typo_font_size_unit":"px","ocean_menu_typo_font_weight":"","ocean_menu_typo_font_weight_tablet":"","ocean_menu_typo_font_weight_mobile":"","ocean_menu_typo_transform":"","ocean_menu_typo_transform_tablet":"","ocean_menu_typo_transform_mobile":"","ocean_menu_typo_line_height":0,"ocean_menu_typo_line_height_tablet":0,"ocean_menu_typo_line_height_mobile":0,"ocean_menu_typo_line_height_unit":"","ocean_menu_typo_spacing":0,"ocean_menu_typo_spacing_tablet":0,"ocean_menu_typo_spacing_mobile":0,"ocean_menu_typo_spacing_unit":"","ocean_menu_link_color":"","ocean_menu_link_color_hover":"","ocean_menu_link_color_active":"","ocean_menu_link_background":"","ocean_menu_link_hover_background":"","ocean_menu_link_active_background":"","ocean_menu_social_links_bg":"","ocean_menu_social_hover_links_bg":"","ocean_menu_social_links_color":"","ocean_menu_social_hover_links_color":"","ocean_disable_title":"default","ocean_disable_heading":"default","ocean_post_title":"","ocean_post_subheading":"","ocean_post_title_style":"","ocean_post_title_background_color":"","ocean_post_title_background":0,"ocean_post_title_bg_image_position":"","ocean_post_title_bg_image_attachment":"","ocean_post_title_bg_image_repeat":"","ocean_post_title_bg_image_size":"","ocean_post_title_height":0,"ocean_post_title_bg_overlay":0.5,"ocean_post_title_bg_overlay_color":"","ocean_disable_breadcrumbs":"default","ocean_breadcrumbs_color":"","ocean_breadcrumbs_separator_color":"","ocean_breadcrumbs_links_color":"","ocean_breadcrumbs_links_hover_color":"","ocean_display_footer_widgets":"default","ocean_display_footer_bottom":"default","ocean_custom_footer_template":"0"},"product_cat":[80],"product_tag":[],"class_list":{"0":"post-2656","1":"product","2":"type-product","3":"status-publish","4":"has-post-thumbnail","6":"product_cat-sedadla-klasicke","8":"entry","9":"has-media","11":"first","12":"instock","13":"shipping-taxable","14":"product-type-simple","15":"col","16":"span_1_of_3","17":"owp-content-center","18":"owp-thumbs-layout-horizontal","19":"owp-btn-normal","20":"owp-tabs-layout-horizontal"},"_links":{"self":[{"href":"https:\/\/mirco.pl\/cs\/wp-json\/wp\/v2\/product\/2656","targetHints":{"allow":["GET"]}}],"collection":[{"href":"https:\/\/mirco.pl\/cs\/wp-json\/wp\/v2\/product"}],"about":[{"href":"https:\/\/mirco.pl\/cs\/wp-json\/wp\/v2\/types\/product"}],"replies":[{"embeddable":true,"href":"https:\/\/mirco.pl\/cs\/wp-json\/wp\/v2\/comments?post=2656"}],"wp:featuredmedia":[{"embeddable":true,"href":"https:\/\/mirco.pl\/cs\/wp-json\/wp\/v2\/media\/2657"}],"wp:attachment":[{"href":"https:\/\/mirco.pl\/cs\/wp-json\/wp\/v2\/media?parent=2656"}],"wp:term":[{"taxonomy":"product_cat","embeddable":true,"href":"https:\/\/mirco.pl\/cs\/wp-json\/wp\/v2\/product_cat?post=2656"},{"taxonomy":"product_tag","embeddable":true,"href":"https:\/\/mirco.pl\/cs\/wp-json\/wp\/v2\/product_tag?post=2656"}],"curies":[{"name":"wp","href":"https:\/\/api.w.org\/{rel}","templated":true}]}}