{"id":2706,"date":"2019-01-18T11:13:39","date_gmt":"2019-01-18T10:13:39","guid":{"rendered":"http:\/\/mirco.pl\/produkt\/mirco-rs1-fia\/"},"modified":"2025-07-11T12:30:49","modified_gmt":"2025-07-11T10:30:49","slug":"mirco-rs1-fia","status":"publish","type":"product","link":"https:\/\/mirco.pl\/cs\/produkt\/mirco-rs1-fia\/","title":{"rendered":"MIRCO RS1 FIA"},"content":{"rendered":"<div>\n<p>Potah sedadla m\u016f\u017ee b\u00fdt vyroben z veluru, 3D tkaniny, \u017eak\u00e1ru nebo um\u011bl\u00e9 k\u016f\u017ee.<\/p>\n<\/div>\n<div style=\"text-align: center;\"><b><a class=\"oceanwp-lightbox\" href=\"http:\/\/mirco.pl\/wp-content\/uploads\/2018\/11\/KOLORY-MATERIA%C5%81OW-1.jpg\" data-slimstat=\"5\"><img fetchpriority=\"high\" decoding=\"async\" class=\"size-full wp-image-469 aligncenter\" src=\"http:\/\/mirco.pl\/wp-content\/uploads\/2018\/11\/KOLORY-MATERIA%C5%81OW-1.jpg\" alt=\"\" width=\"960\" height=\"250\" \/><\/a><\/b><\/div>\n<p>&nbsp;<\/p>\n<p>Dostupn\u00e9 barvy materi\u00e1l\u016f<\/p>\n<p><a class=\"oceanwp-lightbox\" href=\"http:\/\/mirco.pl\/wp-content\/uploads\/2018\/11\/MATERIA%C5%81Y.jpg\" data-slimstat=\"5\"><img decoding=\"async\" class=\"alignleft wp-image-474 size-medium\" src=\"http:\/\/mirco.pl\/wp-content\/uploads\/2018\/11\/MATERIA%C5%81Y-240x300.jpg\" sizes=\"(max-width: 240px) 100vw, 240px\" srcset=\"https:\/\/mirco.pl\/wp-content\/uploads\/2018\/11\/MATERIA\u0141Y-240x300.jpg 240w, https:\/\/mirco.pl\/wp-content\/uploads\/2018\/11\/MATERIA\u0141Y-600x750.jpg 600w, https:\/\/mirco.pl\/wp-content\/uploads\/2018\/11\/MATERIA\u0141Y-768x960.jpg 768w, https:\/\/mirco.pl\/wp-content\/uploads\/2018\/11\/MATERIA\u0141Y-819x1024.jpg 819w, https:\/\/mirco.pl\/wp-content\/uploads\/2018\/11\/MATERIA\u0141Y.jpg 960w\" alt=\"\" width=\"240\" height=\"300\" \/><\/a><\/p>\n<p><a class=\"oceanwp-lightbox\" href=\"http:\/\/mirco.pl\/wp-content\/uploads\/2018\/11\/MATERIA%C5%81Y-3D.jpg\" data-slimstat=\"5\"><img decoding=\"async\" class=\"alignleft wp-image-486 size-medium\" src=\"http:\/\/mirco.pl\/wp-content\/uploads\/2018\/11\/MATERIA%C5%81Y-3D-240x300.jpg\" sizes=\"(max-width: 240px) 100vw, 240px\" srcset=\"https:\/\/mirco.pl\/wp-content\/uploads\/2018\/11\/MATERIA\u0141Y-3D-240x300.jpg 240w, https:\/\/mirco.pl\/wp-content\/uploads\/2018\/11\/MATERIA\u0141Y-3D-600x750.jpg 600w, https:\/\/mirco.pl\/wp-content\/uploads\/2018\/11\/MATERIA\u0141Y-3D-768x960.jpg 768w, https:\/\/mirco.pl\/wp-content\/uploads\/2018\/11\/MATERIA\u0141Y-3D-819x1024.jpg 819w, https:\/\/mirco.pl\/wp-content\/uploads\/2018\/11\/MATERIA\u0141Y-3D.jpg 960w\" alt=\"\" width=\"240\" height=\"300\" \/><\/a><\/p>\n<p><a class=\"oceanwp-lightbox\" href=\"http:\/\/mirco.pl\/wp-content\/uploads\/2018\/11\/MATERIA%C5%81Y-PL.jpg\" data-slimstat=\"5\"><img loading=\"lazy\" decoding=\"async\" class=\"alignleft wp-image-482 size-medium\" src=\"http:\/\/mirco.pl\/wp-content\/uploads\/2018\/11\/MATERIA%C5%81Y-PL-240x300.jpg\" sizes=\"(max-width: 240px) 100vw, 240px\" srcset=\"https:\/\/mirco.pl\/wp-content\/uploads\/2018\/11\/MATERIA\u0141Y-PL-240x300.jpg 240w, https:\/\/mirco.pl\/wp-content\/uploads\/2018\/11\/MATERIA\u0141Y-PL-600x750.jpg 600w, https:\/\/mirco.pl\/wp-content\/uploads\/2018\/11\/MATERIA\u0141Y-PL-768x960.jpg 768w, https:\/\/mirco.pl\/wp-content\/uploads\/2018\/11\/MATERIA\u0141Y-PL-819x1024.jpg 819w, https:\/\/mirco.pl\/wp-content\/uploads\/2018\/11\/MATERIA\u0141Y-PL.jpg 960w\" alt=\"\" width=\"240\" height=\"300\" \/><\/a><\/p>\n<p><a class=\"oceanwp-lightbox\" href=\"http:\/\/mirco.pl\/wp-content\/uploads\/2018\/11\/MATERIA%C5%81Y-N.jpg\" data-slimstat=\"5\"><img loading=\"lazy\" decoding=\"async\" class=\"alignleft wp-image-478 size-medium\" src=\"http:\/\/mirco.pl\/wp-content\/uploads\/2018\/11\/MATERIA%C5%81Y-N-240x300.jpg\" sizes=\"(max-width: 240px) 100vw, 240px\" srcset=\"https:\/\/mirco.pl\/wp-content\/uploads\/2018\/11\/MATERIA\u0141Y-N-240x300.jpg 240w, https:\/\/mirco.pl\/wp-content\/uploads\/2018\/11\/MATERIA\u0141Y-N-600x750.jpg 600w, https:\/\/mirco.pl\/wp-content\/uploads\/2018\/11\/MATERIA\u0141Y-N-768x960.jpg 768w, https:\/\/mirco.pl\/wp-content\/uploads\/2018\/11\/MATERIA\u0141Y-N-819x1024.jpg 819w, https:\/\/mirco.pl\/wp-content\/uploads\/2018\/11\/MATERIA\u0141Y-N.jpg 960w\" alt=\"\" width=\"240\" height=\"300\" \/><\/a><\/p>\n<p>&nbsp;<\/p>\n<p>&nbsp;<\/p>\n<p>&nbsp;<\/p>\n<p>&nbsp;<\/p>\n<div>\n<p>&nbsp;<\/p>\n<\/div>\n<p>&nbsp;<\/p>\n<p>&nbsp;<\/p>\n<p>&nbsp;<\/p>\n<p>Rozm\u011bry<\/p>\n<p style=\"text-align: center;\"><a class=\"oceanwp-lightbox\" href=\"http:\/\/mirco.pl\/wp-content\/uploads\/2019\/01\/wymiary-rs1.jpg\" data-slimstat=\"5\"><img loading=\"lazy\" decoding=\"async\" class=\"wp-image-2721 size-full aligncenter\" src=\"http:\/\/mirco.pl\/wp-content\/uploads\/2019\/01\/wymiary-rs1.jpg\" alt=\"\" width=\"500\" height=\"724\" srcset=\"https:\/\/mirco.pl\/wp-content\/uploads\/2019\/01\/wymiary-rs1.jpg 500w, https:\/\/mirco.pl\/wp-content\/uploads\/2019\/01\/wymiary-rs1-207x300.jpg 207w\" sizes=\"(max-width: 500px) 100vw, 500px\" \/><\/a><\/p>\n<p>&nbsp;<\/p>\n","protected":false},"excerpt":{"rendered":"<h1><strong><span style=\"color: #ff0000;\"><a style=\"color: #ff0000;\" href=\"https:\/\/4-rally.pl\/55-mirco-rs1-fia\">BUY NOW<\/a><\/span><\/strong><\/h1>\n<p>Z\u00e1vodn\u00ed sedadlo &#8222;MIRCO RS1&#8220; s\u00a0homologac\u00ed FIA &#8211; Norma 8855\/1999 CS.294.13<\/p>\n<p>Sedadlo Mirco RS1 se vyzna\u010duje vysokou kvalitou, zaj\u00edmav\u00fdm designem a dokonal\u00fdm zpracov\u00e1n\u00edm. Sedadlo je vyrobeno z\u00a0polyester-skeln\u00e9ho lamin\u00e1tu, kter\u00fd se vyzna\u010duje vysokou \u017eivotnost\u00ed, zaji\u0161\u0165uje bezpe\u010dnost a komfort pou\u017eit\u00ed. Sedadlo m\u00e1 dodate\u010dnou ochranu hlavy,u\u0161i zabezpe\u010duj\u00edc\u00ed hlavu z\u00e1vodn\u00edka.<\/p>\n<p>K dispozici v r\u016fzn\u00fdch potahov\u00fdch materi\u00e1lech a barv\u00e1ch.<\/p>\n<p>Na m\u00edstech vystaven\u00fdch od\u011bru &#8211; automobilov\u00e1 k\u016f\u017ee<\/p>\n<p>DAL\u0160\u00cd INFORMACE O PRODUKTU:<\/p>\n<p>Dr\u017e\u00e1ky: bo\u010dn\u00ed<\/p>\n<p>Hmotnost: 10 kg<\/p>\n<p>Homologace: FIA 8855-1999<\/p>\n<p>Sedadlo m\u00e1 5 otvor\u016f pro bezpe\u010dnostn\u00ed p\u00e1sy<\/p>\n<p>Kompatibiln\u00ed s HANS<\/p>\n<p>Ur\u010deno pro osoby s hmotnost\u00ed do 80 kg a v\u00fd\u0161kou a\u017e 175 cm.<\/p>\n<p>(p\u0159ibli\u017en\u00e9 \u00fadaje)<\/p>\n","protected":false},"featured_media":2720,"comment_status":"closed","ping_status":"closed","template":"","meta":{"ocean_post_layout":"","ocean_both_sidebars_style":"","ocean_both_sidebars_content_width":0,"ocean_both_sidebars_sidebars_width":0,"ocean_sidebar":"0","ocean_second_sidebar":"0","ocean_disable_margins":"enable","ocean_add_body_class":"","ocean_shortcode_before_top_bar":"","ocean_shortcode_after_top_bar":"","ocean_shortcode_before_header":"","ocean_shortcode_after_header":"","ocean_has_shortcode":"","ocean_shortcode_after_title":"","ocean_shortcode_before_footer_widgets":"","ocean_shortcode_after_footer_widgets":"","ocean_shortcode_before_footer_bottom":"","ocean_shortcode_after_footer_bottom":"","ocean_display_top_bar":"default","ocean_display_header":"default","ocean_header_style":"","ocean_center_header_left_menu":"0","ocean_custom_header_template":"0","ocean_custom_logo":0,"ocean_custom_retina_logo":0,"ocean_custom_logo_max_width":0,"ocean_custom_logo_tablet_max_width":0,"ocean_custom_logo_mobile_max_width":0,"ocean_custom_logo_max_height":0,"ocean_custom_logo_tablet_max_height":0,"ocean_custom_logo_mobile_max_height":0,"ocean_header_custom_menu":"0","ocean_menu_typo_font_family":"0","ocean_menu_typo_font_subset":"","ocean_menu_typo_font_size":0,"ocean_menu_typo_font_size_tablet":0,"ocean_menu_typo_font_size_mobile":0,"ocean_menu_typo_font_size_unit":"px","ocean_menu_typo_font_weight":"","ocean_menu_typo_font_weight_tablet":"","ocean_menu_typo_font_weight_mobile":"","ocean_menu_typo_transform":"","ocean_menu_typo_transform_tablet":"","ocean_menu_typo_transform_mobile":"","ocean_menu_typo_line_height":0,"ocean_menu_typo_line_height_tablet":0,"ocean_menu_typo_line_height_mobile":0,"ocean_menu_typo_line_height_unit":"","ocean_menu_typo_spacing":0,"ocean_menu_typo_spacing_tablet":0,"ocean_menu_typo_spacing_mobile":0,"ocean_menu_typo_spacing_unit":"","ocean_menu_link_color":"","ocean_menu_link_color_hover":"","ocean_menu_link_color_active":"","ocean_menu_link_background":"","ocean_menu_link_hover_background":"","ocean_menu_link_active_background":"","ocean_menu_social_links_bg":"","ocean_menu_social_hover_links_bg":"","ocean_menu_social_links_color":"","ocean_menu_social_hover_links_color":"","ocean_disable_title":"default","ocean_disable_heading":"default","ocean_post_title":"","ocean_post_subheading":"","ocean_post_title_style":"","ocean_post_title_background_color":"","ocean_post_title_background":0,"ocean_post_title_bg_image_position":"","ocean_post_title_bg_image_attachment":"","ocean_post_title_bg_image_repeat":"","ocean_post_title_bg_image_size":"","ocean_post_title_height":0,"ocean_post_title_bg_overlay":0.5,"ocean_post_title_bg_overlay_color":"","ocean_disable_breadcrumbs":"default","ocean_breadcrumbs_color":"","ocean_breadcrumbs_separator_color":"","ocean_breadcrumbs_links_color":"","ocean_breadcrumbs_links_hover_color":"","ocean_display_footer_widgets":"default","ocean_display_footer_bottom":"default","ocean_custom_footer_template":"0"},"product_cat":[82],"product_tag":[],"class_list":{"0":"post-2706","1":"product","2":"type-product","3":"status-publish","4":"has-post-thumbnail","6":"product_cat-sedadla-s-homologaci-fia","8":"entry","9":"has-media","11":"first","12":"instock","13":"shipping-taxable","14":"product-type-grouped","15":"col","16":"span_1_of_3","17":"owp-content-center","18":"owp-thumbs-layout-horizontal","19":"owp-btn-normal","20":"owp-tabs-layout-horizontal"},"_links":{"self":[{"href":"https:\/\/mirco.pl\/cs\/wp-json\/wp\/v2\/product\/2706","targetHints":{"allow":["GET"]}}],"collection":[{"href":"https:\/\/mirco.pl\/cs\/wp-json\/wp\/v2\/product"}],"about":[{"href":"https:\/\/mirco.pl\/cs\/wp-json\/wp\/v2\/types\/product"}],"replies":[{"embeddable":true,"href":"https:\/\/mirco.pl\/cs\/wp-json\/wp\/v2\/comments?post=2706"}],"wp:featuredmedia":[{"embeddable":true,"href":"https:\/\/mirco.pl\/cs\/wp-json\/wp\/v2\/media\/2720"}],"wp:attachment":[{"href":"https:\/\/mirco.pl\/cs\/wp-json\/wp\/v2\/media?parent=2706"}],"wp:term":[{"taxonomy":"product_cat","embeddable":true,"href":"https:\/\/mirco.pl\/cs\/wp-json\/wp\/v2\/product_cat?post=2706"},{"taxonomy":"product_tag","embeddable":true,"href":"https:\/\/mirco.pl\/cs\/wp-json\/wp\/v2\/product_tag?post=2706"}],"curies":[{"name":"wp","href":"https:\/\/api.w.org\/{rel}","templated":true}]}}