{"id":3021,"date":"2018-12-17T14:11:22","date_gmt":"2018-12-17T13:11:22","guid":{"rendered":"http:\/\/mirco.pl\/?page_id=3021"},"modified":"2019-11-15T06:49:27","modified_gmt":"2019-11-15T05:49:27","slug":"mirco-rs2","status":"publish","type":"page","link":"https:\/\/mirco.pl\/de\/galerie\/mirco-rs2\/","title":{"rendered":"MIRCO RS2"},"content":{"rendered":"\t\t<div data-elementor-type=\"wp-post\" data-elementor-id=\"3021\" class=\"elementor elementor-3021 elementor-342 elementor-bc-flex-widget\" data-elementor-post-type=\"page\">\n\t\t\t\t\t\t\t\t\t<section class=\"elementor-section elementor-top-section elementor-element elementor-element-4e05e70d elementor-section-boxed elementor-section-height-default elementor-section-height-default\" data-id=\"4e05e70d\" data-element_type=\"section\">\n\t\t\t\t\t\t<div class=\"elementor-container elementor-column-gap-default\">\n\t\t\t\t\t<div class=\"elementor-column elementor-col-100 elementor-top-column elementor-element elementor-element-5cac17da\" data-id=\"5cac17da\" data-element_type=\"column\">\n\t\t\t<div class=\"elementor-widget-wrap elementor-element-populated\">\n\t\t\t\t\t\t\t\t<div class=\"elementor-element elementor-element-50574efe elementor-widget elementor-widget-text-editor\" data-id=\"50574efe\" data-element_type=\"widget\" data-widget_type=\"text-editor.default\">\n\t\t\t\t<div class=\"elementor-widget-container\">\n\t\t\t\t\t\t\t<section class=\"elementor-element elementor-element-3a2c9260 elementor-section-content-middle elementor-section-boxed elementor-section-height-default elementor-section-height-default elementor-section elementor-top-section\" data-id=\"3a2c9260\" data-element_type=\"section\"><div class=\"elementor-container elementor-column-gap-no\"><div class=\"elementor-row\"><div class=\"elementor-element elementor-element-59185b21 elementor-column elementor-col-100 elementor-top-column\" data-id=\"59185b21\" data-element_type=\"column\"><div class=\"elementor-column-wrap  elementor-element-populated\"><div class=\"elementor-widget-wrap\"><div class=\"elementor-element elementor-element-5d09f072 elementor-view-default elementor-position-top elementor-vertical-align-top elementor-widget elementor-widget-icon-box\" data-id=\"5d09f072\" data-element_type=\"icon-box.default\"><div class=\"elementor-widget-container\"><div class=\"elementor-icon-box-wrapper\"><div class=\"elementor-icon-box-content\"><h4 class=\"elementor-icon-box-title\">GALERIA<\/h4><p class=\"elementor-icon-box-description\">MIRCO RS2 FIA<\/p><\/div><\/div><\/div><\/div><div class=\"elementor-element elementor-element-171c4185 elementor-widget elementor-widget-text-editor\" data-id=\"171c4185\" data-element_type=\"text-editor.default\"><div class=\"elementor-widget-container\"><div class=\"elementor-text-editor elementor-clearfix\"><p>Kilka przyk\u0142adowych zdj\u0119\u0107 foteli<\/p><\/div><\/div><\/div><\/div><\/div><\/div><\/div><\/div><\/section><section class=\"elementor-element elementor-element-b4f2235 elementor-section-content-middle elementor-section-boxed elementor-section-height-default elementor-section-height-default elementor-section elementor-top-section\" data-id=\"b4f2235\" data-settings=\"{&quot;background_background&quot;:&quot;gradient&quot;}\" data-element_type=\"section\"><div class=\"elementor-container elementor-column-gap-no\"><div class=\"elementor-row\"><div class=\"elementor-element elementor-element-6472613 elementor-column elementor-col-100 elementor-top-column\" data-id=\"6472613\" data-element_type=\"column\"><div class=\"elementor-column-wrap  elementor-element-populated\"><div class=\"elementor-widget-wrap\"><div class=\"elementor-element elementor-element-843dcaa gallery-spacing-custom elementor-widget elementor-widget-image-gallery\" data-id=\"843dcaa\" data-element_type=\"image-gallery.default\"><div class=\"elementor-widget-container\"><div class=\"elementor-image-gallery\"><div id=\"gallery-1\" class=\"gallery galleryid-342 gallery-columns-4 gallery-size-medium\"><figure class=\"gallery-item\"><div class=\"gallery-icon portrait\"><a class=\"gallery-lightbox\" href=\"http:\/\/mirco.pl\/wp-content\/uploads\/2019\/01\/RS2-3D-BLUE.jpg\" data-elementor-open-lightbox=\"default\" data-elementor-lightbox-slideshow=\"843dcaa\" data-slimstat=\"5\"><img fetchpriority=\"high\" decoding=\"async\" class=\"attachment-medium size-medium\" src=\"http:\/\/mirco.pl\/wp-content\/uploads\/2019\/01\/RS2-3D-BLUE-225x300.jpg\" sizes=\"(max-width: 225px) 100vw, 225px\" srcset=\"http:\/\/mirco.pl\/wp-content\/uploads\/2019\/01\/RS2-3D-BLUE-225x300.jpg 225w, http:\/\/mirco.pl\/wp-content\/uploads\/2019\/01\/RS2-3D-BLUE-768x1024.jpg 768w, http:\/\/mirco.pl\/wp-content\/uploads\/2019\/01\/RS2-3D-BLUE-600x800.jpg 600w, http:\/\/mirco.pl\/wp-content\/uploads\/2019\/01\/RS2-3D-BLUE.jpg 1200w\" alt=\"\" width=\"225\" height=\"300\" \/><\/a><\/div><\/figure><figure class=\"gallery-item\"><div class=\"gallery-icon portrait\"><a class=\"gallery-lightbox\" href=\"http:\/\/mirco.pl\/wp-content\/uploads\/2019\/01\/RS2-BO.jpg\" data-elementor-open-lightbox=\"default\" data-elementor-lightbox-slideshow=\"843dcaa\" data-slimstat=\"5\"><img decoding=\"async\" class=\"attachment-medium size-medium\" src=\"http:\/\/mirco.pl\/wp-content\/uploads\/2019\/01\/RS2-BO-200x300.jpg\" sizes=\"(max-width: 200px) 100vw, 200px\" srcset=\"http:\/\/mirco.pl\/wp-content\/uploads\/2019\/01\/RS2-BO-200x300.jpg 200w, http:\/\/mirco.pl\/wp-content\/uploads\/2019\/01\/RS2-BO-768x1152.jpg 768w, http:\/\/mirco.pl\/wp-content\/uploads\/2019\/01\/RS2-BO-683x1024.jpg 683w, http:\/\/mirco.pl\/wp-content\/uploads\/2019\/01\/RS2-BO-600x900.jpg 600w, http:\/\/mirco.pl\/wp-content\/uploads\/2019\/01\/RS2-BO.jpg 800w\" alt=\"\" width=\"200\" height=\"300\" \/><\/a><\/div><\/figure><figure class=\"gallery-item\"><div class=\"gallery-icon portrait\"><a class=\"gallery-lightbox\" href=\"http:\/\/mirco.pl\/wp-content\/uploads\/2019\/01\/rs2-105.jpg\" data-elementor-open-lightbox=\"default\" data-elementor-lightbox-slideshow=\"843dcaa\" data-slimstat=\"5\"><img decoding=\"async\" class=\"attachment-medium size-medium\" src=\"http:\/\/mirco.pl\/wp-content\/uploads\/2019\/01\/rs2-105-200x300.jpg\" sizes=\"(max-width: 200px) 100vw, 200px\" srcset=\"http:\/\/mirco.pl\/wp-content\/uploads\/2019\/01\/rs2-105-200x300.jpg 200w, http:\/\/mirco.pl\/wp-content\/uploads\/2019\/01\/rs2-105-768x1152.jpg 768w, http:\/\/mirco.pl\/wp-content\/uploads\/2019\/01\/rs2-105-683x1024.jpg 683w, http:\/\/mirco.pl\/wp-content\/uploads\/2019\/01\/rs2-105-600x900.jpg 600w, http:\/\/mirco.pl\/wp-content\/uploads\/2019\/01\/rs2-105.jpg 800w\" alt=\"\" width=\"200\" height=\"300\" \/><\/a><\/div><\/figure><figure class=\"gallery-item\"><div class=\"gallery-icon portrait\"><a class=\"gallery-lightbox\" href=\"http:\/\/mirco.pl\/wp-content\/uploads\/2019\/01\/RS2-3D-107.jpg\" data-elementor-open-lightbox=\"default\" data-elementor-lightbox-slideshow=\"843dcaa\" data-slimstat=\"5\"><img loading=\"lazy\" decoding=\"async\" class=\"attachment-medium size-medium\" src=\"http:\/\/mirco.pl\/wp-content\/uploads\/2019\/01\/RS2-3D-107-200x300.jpg\" sizes=\"(max-width: 200px) 100vw, 200px\" srcset=\"http:\/\/mirco.pl\/wp-content\/uploads\/2019\/01\/RS2-3D-107-200x300.jpg 200w, http:\/\/mirco.pl\/wp-content\/uploads\/2019\/01\/RS2-3D-107-768x1152.jpg 768w, http:\/\/mirco.pl\/wp-content\/uploads\/2019\/01\/RS2-3D-107-683x1024.jpg 683w, http:\/\/mirco.pl\/wp-content\/uploads\/2019\/01\/RS2-3D-107-600x900.jpg 600w, http:\/\/mirco.pl\/wp-content\/uploads\/2019\/01\/RS2-3D-107.jpg 800w\" alt=\"\" width=\"200\" height=\"300\" \/><\/a><\/div><\/figure><figure class=\"gallery-item\"><div class=\"gallery-icon portrait\"><a class=\"gallery-lightbox\" href=\"http:\/\/mirco.pl\/wp-content\/uploads\/2019\/01\/RS2-3D-106.jpg\" data-elementor-open-lightbox=\"default\" data-elementor-lightbox-slideshow=\"843dcaa\" data-slimstat=\"5\"><img loading=\"lazy\" decoding=\"async\" class=\"attachment-medium size-medium\" src=\"http:\/\/mirco.pl\/wp-content\/uploads\/2019\/01\/RS2-3D-106-200x300.jpg\" sizes=\"(max-width: 200px) 100vw, 200px\" srcset=\"http:\/\/mirco.pl\/wp-content\/uploads\/2019\/01\/RS2-3D-106-200x300.jpg 200w, http:\/\/mirco.pl\/wp-content\/uploads\/2019\/01\/RS2-3D-106-768x1152.jpg 768w, http:\/\/mirco.pl\/wp-content\/uploads\/2019\/01\/RS2-3D-106-683x1024.jpg 683w, http:\/\/mirco.pl\/wp-content\/uploads\/2019\/01\/RS2-3D-106-600x900.jpg 600w, http:\/\/mirco.pl\/wp-content\/uploads\/2019\/01\/RS2-3D-106.jpg 800w\" alt=\"\" width=\"200\" height=\"300\" \/><\/a><\/div><\/figure><figure class=\"gallery-item\"><div class=\"gallery-icon portrait\"><a class=\"gallery-lightbox\" href=\"http:\/\/mirco.pl\/wp-content\/uploads\/2019\/01\/FRS2-3DW2SO.jpg\" data-elementor-open-lightbox=\"default\" data-elementor-lightbox-slideshow=\"843dcaa\" data-slimstat=\"5\"><img loading=\"lazy\" decoding=\"async\" class=\"attachment-medium size-medium\" src=\"http:\/\/mirco.pl\/wp-content\/uploads\/2019\/01\/FRS2-3DW2SO-225x300.jpg\" sizes=\"(max-width: 225px) 100vw, 225px\" srcset=\"http:\/\/mirco.pl\/wp-content\/uploads\/2019\/01\/FRS2-3DW2SO-225x300.jpg 225w, http:\/\/mirco.pl\/wp-content\/uploads\/2019\/01\/FRS2-3DW2SO-768x1024.jpg 768w, http:\/\/mirco.pl\/wp-content\/uploads\/2019\/01\/FRS2-3DW2SO-600x800.jpg 600w, http:\/\/mirco.pl\/wp-content\/uploads\/2019\/01\/FRS2-3DW2SO.jpg 1200w\" alt=\"\" width=\"225\" height=\"300\" \/><\/a><\/div><\/figure><figure class=\"gallery-item\"><div class=\"gallery-icon portrait\"><a class=\"gallery-lightbox\" href=\"http:\/\/mirco.pl\/wp-content\/uploads\/2019\/01\/RS2-W1O.jpg\" data-elementor-open-lightbox=\"default\" data-elementor-lightbox-slideshow=\"843dcaa\" data-slimstat=\"5\"><img loading=\"lazy\" decoding=\"async\" class=\"attachment-medium size-medium\" src=\"http:\/\/mirco.pl\/wp-content\/uploads\/2019\/01\/RS2-W1O-200x300.jpg\" sizes=\"(max-width: 200px) 100vw, 200px\" srcset=\"http:\/\/mirco.pl\/wp-content\/uploads\/2019\/01\/RS2-W1O-200x300.jpg 200w, http:\/\/mirco.pl\/wp-content\/uploads\/2019\/01\/RS2-W1O-768x1152.jpg 768w, http:\/\/mirco.pl\/wp-content\/uploads\/2019\/01\/RS2-W1O-683x1024.jpg 683w, http:\/\/mirco.pl\/wp-content\/uploads\/2019\/01\/RS2-W1O-600x900.jpg 600w, http:\/\/mirco.pl\/wp-content\/uploads\/2019\/01\/RS2-W1O.jpg 800w\" alt=\"\" width=\"200\" height=\"300\" \/><\/a><\/div><\/figure><figure class=\"gallery-item\"><div class=\"gallery-icon portrait\"><a class=\"gallery-lightbox\" href=\"http:\/\/mirco.pl\/wp-content\/uploads\/2019\/01\/RS2-3DW1B.jpg\" data-elementor-open-lightbox=\"default\" data-elementor-lightbox-slideshow=\"843dcaa\" data-slimstat=\"5\"><img loading=\"lazy\" decoding=\"async\" class=\"attachment-medium size-medium\" src=\"http:\/\/mirco.pl\/wp-content\/uploads\/2019\/01\/RS2-3DW1B-200x300.jpg\" sizes=\"(max-width: 200px) 100vw, 200px\" srcset=\"http:\/\/mirco.pl\/wp-content\/uploads\/2019\/01\/RS2-3DW1B-200x300.jpg 200w, http:\/\/mirco.pl\/wp-content\/uploads\/2019\/01\/RS2-3DW1B-768x1152.jpg 768w, http:\/\/mirco.pl\/wp-content\/uploads\/2019\/01\/RS2-3DW1B-683x1024.jpg 683w, http:\/\/mirco.pl\/wp-content\/uploads\/2019\/01\/RS2-3DW1B-600x900.jpg 600w, http:\/\/mirco.pl\/wp-content\/uploads\/2019\/01\/RS2-3DW1B.jpg 800w\" alt=\"\" width=\"200\" height=\"300\" \/><\/a><\/div><\/figure><figure class=\"gallery-item\"><div class=\"gallery-icon portrait\"><a class=\"gallery-lightbox\" href=\"http:\/\/mirco.pl\/wp-content\/uploads\/2019\/01\/RS2-3D-10.jpg\" data-elementor-open-lightbox=\"default\" data-elementor-lightbox-slideshow=\"843dcaa\" data-slimstat=\"5\"><img loading=\"lazy\" decoding=\"async\" class=\"attachment-medium size-medium\" src=\"http:\/\/mirco.pl\/wp-content\/uploads\/2019\/01\/RS2-3D-10-200x300.jpg\" sizes=\"(max-width: 200px) 100vw, 200px\" srcset=\"http:\/\/mirco.pl\/wp-content\/uploads\/2019\/01\/RS2-3D-10-200x300.jpg 200w, http:\/\/mirco.pl\/wp-content\/uploads\/2019\/01\/RS2-3D-10-768x1152.jpg 768w, http:\/\/mirco.pl\/wp-content\/uploads\/2019\/01\/RS2-3D-10-683x1024.jpg 683w, http:\/\/mirco.pl\/wp-content\/uploads\/2019\/01\/RS2-3D-10-600x900.jpg 600w, http:\/\/mirco.pl\/wp-content\/uploads\/2019\/01\/RS2-3D-10.jpg 800w\" alt=\"\" width=\"200\" height=\"300\" \/><\/a><\/div><\/figure><figure class=\"gallery-item\"><div class=\"gallery-icon portrait\"><a class=\"gallery-lightbox\" href=\"http:\/\/mirco.pl\/wp-content\/uploads\/2019\/01\/rs2-02.jpg\" data-elementor-open-lightbox=\"default\" data-elementor-lightbox-slideshow=\"843dcaa\" data-slimstat=\"5\"><img loading=\"lazy\" decoding=\"async\" class=\"attachment-medium size-medium\" src=\"http:\/\/mirco.pl\/wp-content\/uploads\/2019\/01\/rs2-02-225x300.jpg\" sizes=\"(max-width: 225px) 100vw, 225px\" srcset=\"http:\/\/mirco.pl\/wp-content\/uploads\/2019\/01\/rs2-02-225x300.jpg 225w, http:\/\/mirco.pl\/wp-content\/uploads\/2019\/01\/rs2-02-768x1024.jpg 768w, http:\/\/mirco.pl\/wp-content\/uploads\/2019\/01\/rs2-02-600x800.jpg 600w, http:\/\/mirco.pl\/wp-content\/uploads\/2019\/01\/rs2-02.jpg 1200w\" alt=\"\" width=\"225\" height=\"300\" \/><\/a><\/div><\/figure><figure class=\"gallery-item\"><div class=\"gallery-icon portrait\"><a class=\"gallery-lightbox\" href=\"http:\/\/mirco.pl\/wp-content\/uploads\/2019\/01\/rs2-01.jpg\" data-elementor-open-lightbox=\"default\" data-elementor-lightbox-slideshow=\"843dcaa\" data-slimstat=\"5\"><img loading=\"lazy\" decoding=\"async\" class=\"attachment-medium size-medium\" src=\"http:\/\/mirco.pl\/wp-content\/uploads\/2019\/01\/rs2-01-225x300.jpg\" sizes=\"(max-width: 225px) 100vw, 225px\" srcset=\"http:\/\/mirco.pl\/wp-content\/uploads\/2019\/01\/rs2-01-225x300.jpg 225w, http:\/\/mirco.pl\/wp-content\/uploads\/2019\/01\/rs2-01-768x1024.jpg 768w, http:\/\/mirco.pl\/wp-content\/uploads\/2019\/01\/rs2-01-600x800.jpg 600w, http:\/\/mirco.pl\/wp-content\/uploads\/2019\/01\/rs2-01.jpg 1200w\" alt=\"\" width=\"225\" height=\"300\" \/><\/a><\/div><\/figure><figure class=\"gallery-item\"><div class=\"gallery-icon portrait\"><a class=\"gallery-lightbox\" href=\"http:\/\/mirco.pl\/wp-content\/uploads\/2019\/02\/rs3dred.jpg\" data-elementor-open-lightbox=\"default\" data-elementor-lightbox-slideshow=\"843dcaa\" data-slimstat=\"5\"><img loading=\"lazy\" decoding=\"async\" class=\"attachment-medium size-medium\" src=\"http:\/\/mirco.pl\/wp-content\/uploads\/2019\/02\/rs3dred-200x300.jpg\" sizes=\"(max-width: 200px) 100vw, 200px\" srcset=\"http:\/\/mirco.pl\/wp-content\/uploads\/2019\/02\/rs3dred-200x300.jpg 200w, http:\/\/mirco.pl\/wp-content\/uploads\/2019\/02\/rs3dred-768x1152.jpg 768w, http:\/\/mirco.pl\/wp-content\/uploads\/2019\/02\/rs3dred-683x1024.jpg 683w, http:\/\/mirco.pl\/wp-content\/uploads\/2019\/02\/rs3dred-600x900.jpg 600w, http:\/\/mirco.pl\/wp-content\/uploads\/2019\/02\/rs3dred.jpg 800w\" alt=\"\" width=\"200\" height=\"300\" \/><\/a><\/div><\/figure><figure class=\"gallery-item\"><div class=\"gallery-icon portrait\"><a class=\"gallery-lightbox\" href=\"http:\/\/mirco.pl\/wp-content\/uploads\/2019\/02\/RS2-VN-100.jpg\" data-elementor-open-lightbox=\"default\" data-elementor-lightbox-slideshow=\"843dcaa\" data-slimstat=\"5\"><img loading=\"lazy\" decoding=\"async\" class=\"attachment-medium size-medium\" src=\"http:\/\/mirco.pl\/wp-content\/uploads\/2019\/02\/RS2-VN-100-182x300.jpg\" sizes=\"(max-width: 182px) 100vw, 182px\" srcset=\"http:\/\/mirco.pl\/wp-content\/uploads\/2019\/02\/RS2-VN-100-182x300.jpg 182w, http:\/\/mirco.pl\/wp-content\/uploads\/2019\/02\/RS2-VN-100-768x1267.jpg 768w, http:\/\/mirco.pl\/wp-content\/uploads\/2019\/02\/RS2-VN-100-621x1024.jpg 621w, http:\/\/mirco.pl\/wp-content\/uploads\/2019\/02\/RS2-VN-100-600x990.jpg 600w, http:\/\/mirco.pl\/wp-content\/uploads\/2019\/02\/RS2-VN-100.jpg 1000w\" alt=\"\" width=\"182\" height=\"300\" \/><\/a><\/div><\/figure><figure class=\"gallery-item\"><div class=\"gallery-icon portrait\"><a class=\"gallery-lightbox\" href=\"http:\/\/mirco.pl\/wp-content\/uploads\/2019\/02\/RS2-zakard.jpg\" data-elementor-open-lightbox=\"default\" data-elementor-lightbox-slideshow=\"843dcaa\" data-slimstat=\"5\"><img loading=\"lazy\" decoding=\"async\" class=\"attachment-medium size-medium\" src=\"http:\/\/mirco.pl\/wp-content\/uploads\/2019\/02\/RS2-zakard-200x300.jpg\" sizes=\"(max-width: 200px) 100vw, 200px\" srcset=\"http:\/\/mirco.pl\/wp-content\/uploads\/2019\/02\/RS2-zakard-200x300.jpg 200w, http:\/\/mirco.pl\/wp-content\/uploads\/2019\/02\/RS2-zakard-768x1152.jpg 768w, http:\/\/mirco.pl\/wp-content\/uploads\/2019\/02\/RS2-zakard-683x1024.jpg 683w, http:\/\/mirco.pl\/wp-content\/uploads\/2019\/02\/RS2-zakard-600x900.jpg 600w, http:\/\/mirco.pl\/wp-content\/uploads\/2019\/02\/RS2-zakard.jpg 800w\" alt=\"\" width=\"200\" height=\"300\" \/><\/a><\/div><\/figure><figure class=\"gallery-item\"><div class=\"gallery-icon portrait\"><a class=\"gallery-lightbox\" href=\"http:\/\/mirco.pl\/wp-content\/uploads\/2019\/02\/RS2-3D-01.jpg\" data-elementor-open-lightbox=\"default\" data-elementor-lightbox-slideshow=\"843dcaa\" data-slimstat=\"5\"><img loading=\"lazy\" decoding=\"async\" class=\"attachment-medium size-medium\" src=\"http:\/\/mirco.pl\/wp-content\/uploads\/2019\/02\/RS2-3D-01-240x300.jpg\" sizes=\"(max-width: 240px) 100vw, 240px\" srcset=\"http:\/\/mirco.pl\/wp-content\/uploads\/2019\/02\/RS2-3D-01-240x300.jpg 240w, http:\/\/mirco.pl\/wp-content\/uploads\/2019\/02\/RS2-3D-01-768x960.jpg 768w, http:\/\/mirco.pl\/wp-content\/uploads\/2019\/02\/RS2-3D-01-819x1024.jpg 819w, http:\/\/mirco.pl\/wp-content\/uploads\/2019\/02\/RS2-3D-01-600x750.jpg 600w, http:\/\/mirco.pl\/wp-content\/uploads\/2019\/02\/RS2-3D-01.jpg 960w\" alt=\"\" width=\"240\" height=\"300\" \/><\/a><\/div><\/figure><figure class=\"gallery-item\"><div class=\"gallery-icon portrait\"><a class=\"gallery-lightbox\" href=\"http:\/\/mirco.pl\/wp-content\/uploads\/2019\/02\/RS2-6.jpg\" data-elementor-open-lightbox=\"default\" data-elementor-lightbox-slideshow=\"843dcaa\" data-slimstat=\"5\"><img loading=\"lazy\" decoding=\"async\" class=\"attachment-medium size-medium\" src=\"http:\/\/mirco.pl\/wp-content\/uploads\/2019\/02\/RS2-6-240x300.jpg\" sizes=\"(max-width: 240px) 100vw, 240px\" srcset=\"http:\/\/mirco.pl\/wp-content\/uploads\/2019\/02\/RS2-6-240x300.jpg 240w, http:\/\/mirco.pl\/wp-content\/uploads\/2019\/02\/RS2-6-768x960.jpg 768w, http:\/\/mirco.pl\/wp-content\/uploads\/2019\/02\/RS2-6-819x1024.jpg 819w, http:\/\/mirco.pl\/wp-content\/uploads\/2019\/02\/RS2-6-600x750.jpg 600w, http:\/\/mirco.pl\/wp-content\/uploads\/2019\/02\/RS2-6.jpg 960w\" alt=\"\" width=\"240\" height=\"300\" \/><\/a><\/div><\/figure><figure class=\"gallery-item\"><div class=\"gallery-icon portrait\"><a class=\"gallery-lightbox\" href=\"http:\/\/mirco.pl\/wp-content\/uploads\/2019\/02\/RS2-3D-03.jpg\" data-elementor-open-lightbox=\"default\" data-elementor-lightbox-slideshow=\"843dcaa\" data-slimstat=\"5\"><img loading=\"lazy\" decoding=\"async\" class=\"attachment-medium size-medium\" src=\"http:\/\/mirco.pl\/wp-content\/uploads\/2019\/02\/RS2-3D-03-240x300.jpg\" sizes=\"(max-width: 240px) 100vw, 240px\" srcset=\"http:\/\/mirco.pl\/wp-content\/uploads\/2019\/02\/RS2-3D-03-240x300.jpg 240w, http:\/\/mirco.pl\/wp-content\/uploads\/2019\/02\/RS2-3D-03-768x960.jpg 768w, http:\/\/mirco.pl\/wp-content\/uploads\/2019\/02\/RS2-3D-03-819x1024.jpg 819w, http:\/\/mirco.pl\/wp-content\/uploads\/2019\/02\/RS2-3D-03-600x750.jpg 600w, http:\/\/mirco.pl\/wp-content\/uploads\/2019\/02\/RS2-3D-03.jpg 960w\" alt=\"\" width=\"240\" height=\"300\" \/><\/a><\/div><\/figure><\/div><\/div><\/div><\/div><\/div><\/div><\/div><\/div><\/div><\/section>\t\t\t\t\t\t<\/div>\n\t\t\t\t<\/div>\n\t\t\t\t\t<\/div>\n\t\t<\/div>\n\t\t\t\t\t\t\t<\/div>\n\t\t<\/section>\n\t\t\t\t\t\t\t<\/div>\n\t\t","protected":false},"excerpt":{"rendered":"<p>GALERIA MIRCO RS2 FIA Kilka przyk\u0142adowych zdj\u0119\u0107 foteli<\/p>\n","protected":false},"author":2,"featured_media":0,"parent":1653,"menu_order":0,"comment_status":"closed","ping_status":"closed","template":"","meta":{"ocean_post_layout":"","ocean_both_sidebars_style":"","ocean_both_sidebars_content_width":0,"ocean_both_sidebars_sidebars_width":0,"ocean_sidebar":"0","ocean_second_sidebar":"0","ocean_disable_margins":"enable","ocean_add_body_class":"","ocean_shortcode_before_top_bar":"","ocean_shortcode_after_top_bar":"","ocean_shortcode_before_header":"","ocean_shortcode_after_header":"","ocean_has_shortcode":"","ocean_shortcode_after_title":"","ocean_shortcode_before_footer_widgets":"","ocean_shortcode_after_footer_widgets":"","ocean_shortcode_before_footer_bottom":"","ocean_shortcode_after_footer_bottom":"","ocean_display_top_bar":"default","ocean_display_header":"default","ocean_header_style":"","ocean_center_header_left_menu":"0","ocean_custom_header_template":"0","ocean_custom_logo":0,"ocean_custom_retina_logo":0,"ocean_custom_logo_max_width":0,"ocean_custom_logo_tablet_max_width":0,"ocean_custom_logo_mobile_max_width":0,"ocean_custom_logo_max_height":0,"ocean_custom_logo_tablet_max_height":0,"ocean_custom_logo_mobile_max_height":0,"ocean_header_custom_menu":"0","ocean_menu_typo_font_family":"0","ocean_menu_typo_font_subset":"","ocean_menu_typo_font_size":0,"ocean_menu_typo_font_size_tablet":0,"ocean_menu_typo_font_size_mobile":0,"ocean_menu_typo_font_size_unit":"px","ocean_menu_typo_font_weight":"","ocean_menu_typo_font_weight_tablet":"","ocean_menu_typo_font_weight_mobile":"","ocean_menu_typo_transform":"","ocean_menu_typo_transform_tablet":"","ocean_menu_typo_transform_mobile":"","ocean_menu_typo_line_height":0,"ocean_menu_typo_line_height_tablet":0,"ocean_menu_typo_line_height_mobile":0,"ocean_menu_typo_line_height_unit":"","ocean_menu_typo_spacing":0,"ocean_menu_typo_spacing_tablet":0,"ocean_menu_typo_spacing_mobile":0,"ocean_menu_typo_spacing_unit":"","ocean_menu_link_color":"","ocean_menu_link_color_hover":"","ocean_menu_link_color_active":"","ocean_menu_link_background":"","ocean_menu_link_hover_background":"","ocean_menu_link_active_background":"","ocean_menu_social_links_bg":"","ocean_menu_social_hover_links_bg":"","ocean_menu_social_links_color":"","ocean_menu_social_hover_links_color":"","ocean_disable_title":"default","ocean_disable_heading":"default","ocean_post_title":"","ocean_post_subheading":"","ocean_post_title_style":"","ocean_post_title_background_color":"","ocean_post_title_background":0,"ocean_post_title_bg_image_position":"","ocean_post_title_bg_image_attachment":"","ocean_post_title_bg_image_repeat":"","ocean_post_title_bg_image_size":"","ocean_post_title_height":0,"ocean_post_title_bg_overlay":0.5,"ocean_post_title_bg_overlay_color":"","ocean_disable_breadcrumbs":"default","ocean_breadcrumbs_color":"","ocean_breadcrumbs_separator_color":"","ocean_breadcrumbs_links_color":"","ocean_breadcrumbs_links_hover_color":"","ocean_display_footer_widgets":"default","ocean_display_footer_bottom":"default","ocean_custom_footer_template":"0","footnotes":""},"class_list":["post-3021","page","type-page","status-publish","hentry","entry","owp-thumbs-layout-horizontal","owp-btn-normal","owp-tabs-layout-horizontal","has-no-thumbnails"],"_links":{"self":[{"href":"https:\/\/mirco.pl\/de\/wp-json\/wp\/v2\/pages\/3021","targetHints":{"allow":["GET"]}}],"collection":[{"href":"https:\/\/mirco.pl\/de\/wp-json\/wp\/v2\/pages"}],"about":[{"href":"https:\/\/mirco.pl\/de\/wp-json\/wp\/v2\/types\/page"}],"author":[{"embeddable":true,"href":"https:\/\/mirco.pl\/de\/wp-json\/wp\/v2\/users\/2"}],"replies":[{"embeddable":true,"href":"https:\/\/mirco.pl\/de\/wp-json\/wp\/v2\/comments?post=3021"}],"version-history":[{"count":3,"href":"https:\/\/mirco.pl\/de\/wp-json\/wp\/v2\/pages\/3021\/revisions"}],"predecessor-version":[{"id":3222,"href":"https:\/\/mirco.pl\/de\/wp-json\/wp\/v2\/pages\/3021\/revisions\/3222"}],"up":[{"embeddable":true,"href":"https:\/\/mirco.pl\/de\/wp-json\/wp\/v2\/pages\/1653"}],"wp:attachment":[{"href":"https:\/\/mirco.pl\/de\/wp-json\/wp\/v2\/media?parent=3021"}],"curies":[{"name":"wp","href":"https:\/\/api.w.org\/{rel}","templated":true}]}}