{"id":2503,"date":"2019-01-28T13:30:55","date_gmt":"2019-01-28T12:30:55","guid":{"rendered":"http:\/\/mirco.pl\/produkt\/mirco-gts\/"},"modified":"2025-07-24T09:04:58","modified_gmt":"2025-07-24T07:04:58","slug":"mirco-gts","status":"publish","type":"product","link":"https:\/\/mirco.pl\/de\/produkt\/mirco-gts\/","title":{"rendered":"MIRCO GTS"},"content":{"rendered":"<div style=\"text-align: center;\">\n<p><span style=\"color: #ffffff;\"><span style=\"font-size: large;\">Der Sitzbezug kann aus Velours, 3D-Stoff, Jacquardstoffen oder Kunstleder bestehen. <\/span><\/span><\/p>\n<\/div>\n<div><\/div>\n<p><a class=\"oceanwp-lightbox\" href=\"http:\/\/mirco.pl\/wp-content\/uploads\/2018\/11\/KOLORY-MATERIA%C5%81OW-1.jpg\" data-slimstat=\"5\"><img fetchpriority=\"high\" decoding=\"async\" class=\"wp-image-469 size-full aligncenter\" src=\"http:\/\/mirco.pl\/wp-content\/uploads\/2018\/11\/KOLORY-MATERIA%C5%81OW-1.jpg\" alt=\"\" width=\"960\" height=\"250\" \/><\/a><\/p>\n<div><\/div>\n<div><\/div>\n<p><span style=\"color: #ffffff;\"><span style=\"font-size: large;\">Verf\u00fcgbare Farbvarianten <\/span><\/span><\/p>\n<p><a class=\"oceanwp-lightbox\" href=\"http:\/\/mirco.pl\/wp-content\/uploads\/2018\/11\/MATERIA\u0141Y-240x300.jpg\" data-slimstat=\"5\"><img decoding=\"async\" class=\"alignleft wp-image-474 size-medium\" src=\"http:\/\/mirco.pl\/wp-content\/uploads\/2018\/11\/MATERIA\u0141Y-240x300.jpg\" alt=\"\" width=\"240\" height=\"300\" srcset=\"https:\/\/mirco.pl\/wp-content\/uploads\/2018\/11\/MATERIA\u0141Y-240x300.jpg 240w, https:\/\/mirco.pl\/wp-content\/uploads\/2018\/11\/MATERIA\u0141Y-600x750.jpg 600w, https:\/\/mirco.pl\/wp-content\/uploads\/2018\/11\/MATERIA\u0141Y-768x960.jpg 768w, https:\/\/mirco.pl\/wp-content\/uploads\/2018\/11\/MATERIA\u0141Y-819x1024.jpg 819w, https:\/\/mirco.pl\/wp-content\/uploads\/2018\/11\/MATERIA\u0141Y.jpg 960w\" sizes=\"(max-width: 240px) 100vw, 240px\" \/><\/a><\/p>\n<p><a class=\"oceanwp-lightbox\" href=\"http:\/\/mirco.pl\/wp-content\/uploads\/2018\/11\/MATERIA\u0141Y-3D-240x300.jpg\" data-slimstat=\"5\"><img decoding=\"async\" class=\"alignleft wp-image-486 size-medium\" src=\"http:\/\/mirco.pl\/wp-content\/uploads\/2018\/11\/MATERIA\u0141Y-3D-240x300.jpg\" alt=\"\" width=\"240\" height=\"300\" srcset=\"https:\/\/mirco.pl\/wp-content\/uploads\/2018\/11\/MATERIA\u0141Y-3D-240x300.jpg 240w, https:\/\/mirco.pl\/wp-content\/uploads\/2018\/11\/MATERIA\u0141Y-3D-600x750.jpg 600w, https:\/\/mirco.pl\/wp-content\/uploads\/2018\/11\/MATERIA\u0141Y-3D-768x960.jpg 768w, https:\/\/mirco.pl\/wp-content\/uploads\/2018\/11\/MATERIA\u0141Y-3D-819x1024.jpg 819w, https:\/\/mirco.pl\/wp-content\/uploads\/2018\/11\/MATERIA\u0141Y-3D.jpg 960w\" sizes=\"(max-width: 240px) 100vw, 240px\" \/><\/a><\/p>\n<p><a class=\"oceanwp-lightbox\" href=\"http:\/\/mirco.pl\/wp-content\/uploads\/2018\/11\/MATERIA\u0141Y-PL-240x300.jpg\" data-slimstat=\"5\"><img loading=\"lazy\" decoding=\"async\" class=\"alignleft wp-image-482 size-medium\" src=\"http:\/\/mirco.pl\/wp-content\/uploads\/2018\/11\/MATERIA\u0141Y-PL-240x300.jpg\" alt=\"\" width=\"240\" height=\"300\" srcset=\"https:\/\/mirco.pl\/wp-content\/uploads\/2018\/11\/MATERIA\u0141Y-PL-240x300.jpg 240w, https:\/\/mirco.pl\/wp-content\/uploads\/2018\/11\/MATERIA\u0141Y-PL-600x750.jpg 600w, https:\/\/mirco.pl\/wp-content\/uploads\/2018\/11\/MATERIA\u0141Y-PL-768x960.jpg 768w, https:\/\/mirco.pl\/wp-content\/uploads\/2018\/11\/MATERIA\u0141Y-PL-819x1024.jpg 819w, https:\/\/mirco.pl\/wp-content\/uploads\/2018\/11\/MATERIA\u0141Y-PL.jpg 960w\" sizes=\"(max-width: 240px) 100vw, 240px\" \/><\/a><\/p>\n<p><a class=\"oceanwp-lightbox\" href=\"http:\/\/mirco.pl\/wp-content\/uploads\/2018\/11\/MATERIA\u0141Y-N-240x300.jpg\" data-slimstat=\"5\"><img loading=\"lazy\" decoding=\"async\" class=\"alignleft wp-image-478 size-medium\" src=\"http:\/\/mirco.pl\/wp-content\/uploads\/2018\/11\/MATERIA\u0141Y-N-240x300.jpg\" alt=\"\" width=\"240\" height=\"300\" srcset=\"https:\/\/mirco.pl\/wp-content\/uploads\/2018\/11\/MATERIA\u0141Y-N-240x300.jpg 240w, https:\/\/mirco.pl\/wp-content\/uploads\/2018\/11\/MATERIA\u0141Y-N-600x750.jpg 600w, https:\/\/mirco.pl\/wp-content\/uploads\/2018\/11\/MATERIA\u0141Y-N-768x960.jpg 768w, https:\/\/mirco.pl\/wp-content\/uploads\/2018\/11\/MATERIA\u0141Y-N-819x1024.jpg 819w, https:\/\/mirco.pl\/wp-content\/uploads\/2018\/11\/MATERIA\u0141Y-N.jpg 960w\" sizes=\"(max-width: 240px) 100vw, 240px\" \/><\/a><\/p>\n<p>&nbsp;<\/p>\n<p>&nbsp;<\/p>\n<p>&nbsp;<\/p>\n<p>&nbsp;<\/p>\n<p>&nbsp;<\/p>\n<p>&nbsp;<\/p>\n<p>&nbsp;<\/p>\n<p>&nbsp;<\/p>\n<p>&nbsp;<\/p>\n<p><span style=\"font-size: large; color: #ffffff;\">Ma\u00dfe<\/span><\/p>\n<p><a href=\"http:\/\/mirco.pl\/wp-content\/uploads\/2018\/11\/wymiary2019-1-618x1024.jpg\"><img loading=\"lazy\" decoding=\"async\" class=\"wp-image-521 size-large aligncenter\" src=\"http:\/\/mirco.pl\/wp-content\/uploads\/2018\/11\/wymiary2019-1-618x1024.jpg\" alt=\"\" width=\"618\" height=\"1024\" srcset=\"https:\/\/mirco.pl\/wp-content\/uploads\/2018\/11\/wymiary2019-1-618x1024.jpg 618w, https:\/\/mirco.pl\/wp-content\/uploads\/2018\/11\/wymiary2019-1-scaled-600x994.jpg 600w, https:\/\/mirco.pl\/wp-content\/uploads\/2018\/11\/wymiary2019-1-181x300.jpg 181w, https:\/\/mirco.pl\/wp-content\/uploads\/2018\/11\/wymiary2019-1-768x1273.jpg 768w, https:\/\/mirco.pl\/wp-content\/uploads\/2018\/11\/wymiary2019-1-scaled.jpg 869w\" sizes=\"(max-width: 618px) 100vw, 618px\" \/><\/a><\/p>\n","protected":false},"excerpt":{"rendered":"<h1><span style=\"color: #ff0000;\"><strong><a style=\"color: #ff0000;\" href=\"https:\/\/4-rally.pl\/39-mirco-gts\">BUY NOW<\/a><\/strong><\/span><\/h1>\n<p><strong><span lang=\"de-DE\">MIRCO GTS<\/span><\/strong><\/p>\n<p><span lang=\"de-DE\">Der Sitz besteht aus Polyester-Glas-Laminaten &#8211; monolithische Konstruktion.<\/span><\/p>\n<p><a name=\"_GoBack\"><\/a>\u00a0<span lang=\"de-DE\">Entwickelt f\u00fcr Komfort und Zufriedenheit beim schnellen Fahren und zur Erh\u00f6hung des Sicherheitsniveaus.<\/span><\/p>\n<p lang=\"de-DE\">Es verbindet einen sportlichen Stil mit maximalem Komfort. Es ist f\u00fcr Fahrer mit gro\u00dfen Rallye-Pl\u00e4nen gedacht, die auf Komfort und Sportwagen-Styling nicht verzichten wollen.<\/p>\n<p lang=\"de-DE\"><strong>ZUS\u00c4TZLICHE INFORMATIONEN ZUM PRODUKT:<\/strong><\/p>\n<p><span lang=\"de-DE\">Befestigungen: seitliche Befestigungen aus<\/span>\u00a0<span lang=\"de-DE\">Edelstahlschraube<\/span><\/p>\n<p lang=\"de-DE\">Gewicht: 8.5 kg<\/p>\n<p lang=\"de-DE\">Der Sitz hat 5 L\u00f6cher f\u00fcr Sicherheitsgurte<\/p>\n<p lang=\"de-DE\">Ohne FIA-Homologation<\/p>\n<p lang=\"de-DE\">HANS-kompatibel<\/p>\n<p><span lang=\"de-DE\">Geeignet f\u00fcr Personen mit einem Gewicht bis zu 75 kg und einer K\u00f6rpergr\u00f6\u00dfe von 170 cm bis zu 185 cm (ungef\u00e4hre Angaben)<\/span><\/p>\n","protected":false},"featured_media":1043,"comment_status":"closed","ping_status":"closed","template":"","meta":{"ocean_post_layout":"","ocean_both_sidebars_style":"","ocean_both_sidebars_content_width":0,"ocean_both_sidebars_sidebars_width":0,"ocean_sidebar":"0","ocean_second_sidebar":"0","ocean_disable_margins":"enable","ocean_add_body_class":"","ocean_shortcode_before_top_bar":"","ocean_shortcode_after_top_bar":"","ocean_shortcode_before_header":"","ocean_shortcode_after_header":"","ocean_has_shortcode":"","ocean_shortcode_after_title":"","ocean_shortcode_before_footer_widgets":"","ocean_shortcode_after_footer_widgets":"","ocean_shortcode_before_footer_bottom":"","ocean_shortcode_after_footer_bottom":"","ocean_display_top_bar":"default","ocean_display_header":"default","ocean_header_style":"","ocean_center_header_left_menu":"0","ocean_custom_header_template":"0","ocean_custom_logo":0,"ocean_custom_retina_logo":0,"ocean_custom_logo_max_width":0,"ocean_custom_logo_tablet_max_width":0,"ocean_custom_logo_mobile_max_width":0,"ocean_custom_logo_max_height":0,"ocean_custom_logo_tablet_max_height":0,"ocean_custom_logo_mobile_max_height":0,"ocean_header_custom_menu":"0","ocean_menu_typo_font_family":"0","ocean_menu_typo_font_subset":"","ocean_menu_typo_font_size":0,"ocean_menu_typo_font_size_tablet":0,"ocean_menu_typo_font_size_mobile":0,"ocean_menu_typo_font_size_unit":"px","ocean_menu_typo_font_weight":"","ocean_menu_typo_font_weight_tablet":"","ocean_menu_typo_font_weight_mobile":"","ocean_menu_typo_transform":"","ocean_menu_typo_transform_tablet":"","ocean_menu_typo_transform_mobile":"","ocean_menu_typo_line_height":0,"ocean_menu_typo_line_height_tablet":0,"ocean_menu_typo_line_height_mobile":0,"ocean_menu_typo_line_height_unit":"","ocean_menu_typo_spacing":0,"ocean_menu_typo_spacing_tablet":0,"ocean_menu_typo_spacing_mobile":0,"ocean_menu_typo_spacing_unit":"","ocean_menu_link_color":"","ocean_menu_link_color_hover":"","ocean_menu_link_color_active":"","ocean_menu_link_background":"","ocean_menu_link_hover_background":"","ocean_menu_link_active_background":"","ocean_menu_social_links_bg":"","ocean_menu_social_hover_links_bg":"","ocean_menu_social_links_color":"","ocean_menu_social_hover_links_color":"","ocean_disable_title":"default","ocean_disable_heading":"default","ocean_post_title":"","ocean_post_subheading":"","ocean_post_title_style":"","ocean_post_title_background_color":"","ocean_post_title_background":0,"ocean_post_title_bg_image_position":"","ocean_post_title_bg_image_attachment":"","ocean_post_title_bg_image_repeat":"","ocean_post_title_bg_image_size":"","ocean_post_title_height":0,"ocean_post_title_bg_overlay":0.5,"ocean_post_title_bg_overlay_color":"","ocean_disable_breadcrumbs":"default","ocean_breadcrumbs_color":"","ocean_breadcrumbs_separator_color":"","ocean_breadcrumbs_links_color":"","ocean_breadcrumbs_links_hover_color":"","ocean_display_footer_widgets":"default","ocean_display_footer_bottom":"default","ocean_custom_footer_template":"0"},"product_cat":[87],"product_tag":[],"class_list":{"0":"post-2503","1":"product","2":"type-product","3":"status-publish","4":"has-post-thumbnail","6":"product_cat-sportsitze","8":"entry","9":"has-media","11":"first","12":"instock","13":"shipping-taxable","14":"product-type-simple","15":"col","16":"span_1_of_3","17":"owp-content-center","18":"owp-thumbs-layout-horizontal","19":"owp-btn-normal","20":"owp-tabs-layout-horizontal"},"_links":{"self":[{"href":"https:\/\/mirco.pl\/de\/wp-json\/wp\/v2\/product\/2503","targetHints":{"allow":["GET"]}}],"collection":[{"href":"https:\/\/mirco.pl\/de\/wp-json\/wp\/v2\/product"}],"about":[{"href":"https:\/\/mirco.pl\/de\/wp-json\/wp\/v2\/types\/product"}],"replies":[{"embeddable":true,"href":"https:\/\/mirco.pl\/de\/wp-json\/wp\/v2\/comments?post=2503"}],"wp:featuredmedia":[{"embeddable":true,"href":"https:\/\/mirco.pl\/de\/wp-json\/wp\/v2\/media\/1043"}],"wp:attachment":[{"href":"https:\/\/mirco.pl\/de\/wp-json\/wp\/v2\/media?parent=2503"}],"wp:term":[{"taxonomy":"product_cat","embeddable":true,"href":"https:\/\/mirco.pl\/de\/wp-json\/wp\/v2\/product_cat?post=2503"},{"taxonomy":"product_tag","embeddable":true,"href":"https:\/\/mirco.pl\/de\/wp-json\/wp\/v2\/product_tag?post=2503"}],"curies":[{"name":"wp","href":"https:\/\/api.w.org\/{rel}","templated":true}]}}