{"id":3041,"date":"2019-01-29T13:33:18","date_gmt":"2019-01-29T12:33:18","guid":{"rendered":"http:\/\/mirco.pl\/?page_id=3041"},"modified":"2019-11-20T05:29:23","modified_gmt":"2019-11-20T04:29:23","slug":"fotele-klasyczne","status":"publish","type":"page","link":"https:\/\/mirco.pl\/en\/gallery\/fotele-klasyczne\/","title":{"rendered":"CLASSIC SEATS"},"content":{"rendered":"\t\t<div data-elementor-type=\"wp-post\" data-elementor-id=\"3041\" class=\"elementor elementor-3041 elementor-1070 elementor-bc-flex-widget\" data-elementor-post-type=\"page\">\n\t\t\t\t\t\t\t\t\t<section class=\"elementor-section elementor-top-section elementor-element elementor-element-148d7bdd elementor-section-boxed elementor-section-height-default elementor-section-height-default\" data-id=\"148d7bdd\" data-element_type=\"section\">\n\t\t\t\t\t\t<div class=\"elementor-container elementor-column-gap-default\">\n\t\t\t\t\t<div class=\"elementor-column elementor-col-100 elementor-top-column elementor-element elementor-element-7224fad7\" data-id=\"7224fad7\" data-element_type=\"column\">\n\t\t\t<div class=\"elementor-widget-wrap elementor-element-populated\">\n\t\t\t\t\t\t\t\t<div class=\"elementor-element elementor-element-7f8ea6d7 elementor-widget elementor-widget-text-editor\" data-id=\"7f8ea6d7\" data-element_type=\"widget\" data-widget_type=\"text-editor.default\">\n\t\t\t\t<div class=\"elementor-widget-container\">\n\t\t\t\t\t\t\t<h3>\u00a0<\/h3><h4>GALERIA<\/h4><p>MIRCO KLASYCZNE<\/p><p>Kilka przyk\u0142ad\u00f3w zdj\u0119\u0107 foteli klasycznych.<\/p><figure class=\"gallery-item\"><a href=\"http:\/\/mirco.pl\/wp-content\/uploads\/2019\/10\/sx6.jpg\" data-elementor-open-lightbox=\"default\" data-elementor-lightbox-slideshow=\"096d98e\"><img fetchpriority=\"high\" decoding=\"async\" src=\"http:\/\/mirco.pl\/wp-content\/uploads\/2019\/10\/sx6-240x300.jpg\" sizes=\"(max-width: 240px) 100vw, 240px\" srcset=\"http:\/\/mirco.pl\/wp-content\/uploads\/2019\/10\/sx6-240x300.jpg 240w, http:\/\/mirco.pl\/wp-content\/uploads\/2019\/10\/sx6-768x960.jpg 768w, http:\/\/mirco.pl\/wp-content\/uploads\/2019\/10\/sx6-819x1024.jpg 819w, http:\/\/mirco.pl\/wp-content\/uploads\/2019\/10\/sx6-600x750.jpg 600w, http:\/\/mirco.pl\/wp-content\/uploads\/2019\/10\/sx6.jpg 960w\" alt=\"\" width=\"240\" height=\"300\" \/><\/a><\/figure><figure class=\"gallery-item\"><a href=\"http:\/\/mirco.pl\/wp-content\/uploads\/2019\/10\/cls2-02.jpg\" data-elementor-open-lightbox=\"default\" data-elementor-lightbox-slideshow=\"096d98e\"><img decoding=\"async\" src=\"http:\/\/mirco.pl\/wp-content\/uploads\/2019\/10\/cls2-02-240x300.jpg\" sizes=\"(max-width: 240px) 100vw, 240px\" srcset=\"http:\/\/mirco.pl\/wp-content\/uploads\/2019\/10\/cls2-02-240x300.jpg 240w, http:\/\/mirco.pl\/wp-content\/uploads\/2019\/10\/cls2-02-768x960.jpg 768w, http:\/\/mirco.pl\/wp-content\/uploads\/2019\/10\/cls2-02-819x1024.jpg 819w, http:\/\/mirco.pl\/wp-content\/uploads\/2019\/10\/cls2-02-600x750.jpg 600w, http:\/\/mirco.pl\/wp-content\/uploads\/2019\/10\/cls2-02.jpg 960w\" alt=\"\" width=\"240\" height=\"300\" \/><\/a><\/figure><figure class=\"gallery-item\"><a href=\"http:\/\/mirco.pl\/wp-content\/uploads\/2019\/10\/cls2-01.jpg\" data-elementor-open-lightbox=\"default\" data-elementor-lightbox-slideshow=\"096d98e\"><img decoding=\"async\" src=\"http:\/\/mirco.pl\/wp-content\/uploads\/2019\/10\/cls2-01-240x300.jpg\" sizes=\"(max-width: 240px) 100vw, 240px\" srcset=\"http:\/\/mirco.pl\/wp-content\/uploads\/2019\/10\/cls2-01-240x300.jpg 240w, http:\/\/mirco.pl\/wp-content\/uploads\/2019\/10\/cls2-01-768x960.jpg 768w, http:\/\/mirco.pl\/wp-content\/uploads\/2019\/10\/cls2-01-819x1024.jpg 819w, http:\/\/mirco.pl\/wp-content\/uploads\/2019\/10\/cls2-01-600x750.jpg 600w, http:\/\/mirco.pl\/wp-content\/uploads\/2019\/10\/cls2-01.jpg 960w\" alt=\"\" width=\"240\" height=\"300\" \/><\/a><\/figure><figure class=\"gallery-item\"><a href=\"http:\/\/mirco.pl\/wp-content\/uploads\/2019\/02\/flyer.jpg\" data-elementor-open-lightbox=\"default\" data-elementor-lightbox-slideshow=\"096d98e\"><img loading=\"lazy\" decoding=\"async\" src=\"http:\/\/mirco.pl\/wp-content\/uploads\/2019\/02\/flyer-240x300.jpg\" sizes=\"(max-width: 240px) 100vw, 240px\" srcset=\"http:\/\/mirco.pl\/wp-content\/uploads\/2019\/02\/flyer-240x300.jpg 240w, http:\/\/mirco.pl\/wp-content\/uploads\/2019\/02\/flyer-768x960.jpg 768w, http:\/\/mirco.pl\/wp-content\/uploads\/2019\/02\/flyer-819x1024.jpg 819w, http:\/\/mirco.pl\/wp-content\/uploads\/2019\/02\/flyer-600x750.jpg 600w, http:\/\/mirco.pl\/wp-content\/uploads\/2019\/02\/flyer.jpg 960w\" alt=\"\" width=\"240\" height=\"300\" \/><\/a><\/figure><figure class=\"gallery-item\"><a href=\"http:\/\/mirco.pl\/wp-content\/uploads\/2019\/02\/CLASSIC-01.jpg\" data-elementor-open-lightbox=\"default\" data-elementor-lightbox-slideshow=\"096d98e\"><img loading=\"lazy\" decoding=\"async\" src=\"http:\/\/mirco.pl\/wp-content\/uploads\/2019\/02\/CLASSIC-01-240x300.jpg\" sizes=\"(max-width: 240px) 100vw, 240px\" srcset=\"http:\/\/mirco.pl\/wp-content\/uploads\/2019\/02\/CLASSIC-01-240x300.jpg 240w, http:\/\/mirco.pl\/wp-content\/uploads\/2019\/02\/CLASSIC-01-768x960.jpg 768w, http:\/\/mirco.pl\/wp-content\/uploads\/2019\/02\/CLASSIC-01-819x1024.jpg 819w, http:\/\/mirco.pl\/wp-content\/uploads\/2019\/02\/CLASSIC-01-600x750.jpg 600w, http:\/\/mirco.pl\/wp-content\/uploads\/2019\/02\/CLASSIC-01.jpg 960w\" alt=\"\" width=\"240\" height=\"300\" \/><\/a><\/figure><figure class=\"gallery-item\"><a href=\"http:\/\/mirco.pl\/wp-content\/uploads\/2019\/02\/CLASSIC-S-VP-02.jpg\" data-elementor-open-lightbox=\"default\" data-elementor-lightbox-slideshow=\"096d98e\"><img loading=\"lazy\" decoding=\"async\" src=\"http:\/\/mirco.pl\/wp-content\/uploads\/2019\/02\/CLASSIC-S-VP-02-240x300.jpg\" sizes=\"(max-width: 240px) 100vw, 240px\" srcset=\"http:\/\/mirco.pl\/wp-content\/uploads\/2019\/02\/CLASSIC-S-VP-02-240x300.jpg 240w, http:\/\/mirco.pl\/wp-content\/uploads\/2019\/02\/CLASSIC-S-VP-02-768x960.jpg 768w, http:\/\/mirco.pl\/wp-content\/uploads\/2019\/02\/CLASSIC-S-VP-02-819x1024.jpg 819w, http:\/\/mirco.pl\/wp-content\/uploads\/2019\/02\/CLASSIC-S-VP-02-600x750.jpg 600w, http:\/\/mirco.pl\/wp-content\/uploads\/2019\/02\/CLASSIC-S-VP-02.jpg 960w\" alt=\"\" width=\"240\" height=\"300\" \/><\/a><\/figure><figure class=\"gallery-item\"><a href=\"http:\/\/mirco.pl\/wp-content\/uploads\/2019\/02\/LS-03.jpg\" data-elementor-open-lightbox=\"default\" data-elementor-lightbox-slideshow=\"096d98e\"><img loading=\"lazy\" decoding=\"async\" src=\"http:\/\/mirco.pl\/wp-content\/uploads\/2019\/02\/LS-03-240x300.jpg\" sizes=\"(max-width: 240px) 100vw, 240px\" srcset=\"http:\/\/mirco.pl\/wp-content\/uploads\/2019\/02\/LS-03-240x300.jpg 240w, http:\/\/mirco.pl\/wp-content\/uploads\/2019\/02\/LS-03-768x960.jpg 768w, http:\/\/mirco.pl\/wp-content\/uploads\/2019\/02\/LS-03-600x750.jpg 600w, http:\/\/mirco.pl\/wp-content\/uploads\/2019\/02\/LS-03.jpg 800w\" alt=\"\" width=\"240\" height=\"300\" aria-describedby=\"gallery-1-1526\" \/><\/a><p>\u00a0<\/p><figcaption id=\"gallery-1-1526\" class=\"wp-caption-text gallery-caption\">LS SKAJ PL<\/figcaption><\/figure><figure class=\"gallery-item\"><a href=\"http:\/\/mirco.pl\/wp-content\/uploads\/2019\/02\/CLASSIC-S-VP.jpg\" data-elementor-open-lightbox=\"default\" data-elementor-lightbox-slideshow=\"096d98e\"><img loading=\"lazy\" decoding=\"async\" src=\"http:\/\/mirco.pl\/wp-content\/uploads\/2019\/02\/CLASSIC-S-VP-240x300.jpg\" sizes=\"(max-width: 240px) 100vw, 240px\" srcset=\"http:\/\/mirco.pl\/wp-content\/uploads\/2019\/02\/CLASSIC-S-VP-240x300.jpg 240w, http:\/\/mirco.pl\/wp-content\/uploads\/2019\/02\/CLASSIC-S-VP-768x960.jpg 768w, http:\/\/mirco.pl\/wp-content\/uploads\/2019\/02\/CLASSIC-S-VP-819x1024.jpg 819w, http:\/\/mirco.pl\/wp-content\/uploads\/2019\/02\/CLASSIC-S-VP-600x750.jpg 600w, http:\/\/mirco.pl\/wp-content\/uploads\/2019\/02\/CLASSIC-S-VP.jpg 960w\" alt=\"\" width=\"240\" height=\"300\" \/><\/a><\/figure><figure class=\"gallery-item\"><a href=\"http:\/\/mirco.pl\/wp-content\/uploads\/2019\/01\/XL-bez-gory_131174913_mbd.jpg\" data-elementor-open-lightbox=\"default\" data-elementor-lightbox-slideshow=\"096d98e\"><img loading=\"lazy\" decoding=\"async\" src=\"http:\/\/mirco.pl\/wp-content\/uploads\/2019\/01\/XL-bez-gory_131174913_mbd-200x300.jpg\" sizes=\"(max-width: 200px) 100vw, 200px\" srcset=\"http:\/\/mirco.pl\/wp-content\/uploads\/2019\/01\/XL-bez-gory_131174913_mbd-200x300.jpg 200w, http:\/\/mirco.pl\/wp-content\/uploads\/2019\/01\/XL-bez-gory_131174913_mbd.jpg 366w\" alt=\"\" width=\"200\" height=\"300\" \/><\/a><\/figure><figure class=\"gallery-item\"><a href=\"http:\/\/mirco.pl\/wp-content\/uploads\/2019\/01\/flyer.jpg\" data-elementor-open-lightbox=\"default\" data-elementor-lightbox-slideshow=\"096d98e\"><img loading=\"lazy\" decoding=\"async\" src=\"http:\/\/mirco.pl\/wp-content\/uploads\/2019\/01\/flyer-240x300.jpg\" sizes=\"(max-width: 240px) 100vw, 240px\" srcset=\"http:\/\/mirco.pl\/wp-content\/uploads\/2019\/01\/flyer-240x300.jpg 240w, http:\/\/mirco.pl\/wp-content\/uploads\/2019\/01\/flyer-768x960.jpg 768w, http:\/\/mirco.pl\/wp-content\/uploads\/2019\/01\/flyer-819x1024.jpg 819w, http:\/\/mirco.pl\/wp-content\/uploads\/2019\/01\/flyer-600x750.jpg 600w, http:\/\/mirco.pl\/wp-content\/uploads\/2019\/01\/flyer.jpg 960w\" alt=\"\" width=\"240\" height=\"300\" \/><\/a><\/figure><figure class=\"gallery-item\"><a href=\"http:\/\/mirco.pl\/wp-content\/uploads\/2019\/01\/flyer-01.jpg\" data-elementor-open-lightbox=\"default\" data-elementor-lightbox-slideshow=\"096d98e\"><img loading=\"lazy\" decoding=\"async\" src=\"http:\/\/mirco.pl\/wp-content\/uploads\/2019\/01\/flyer-01-240x300.jpg\" sizes=\"(max-width: 240px) 100vw, 240px\" srcset=\"http:\/\/mirco.pl\/wp-content\/uploads\/2019\/01\/flyer-01-240x300.jpg 240w, http:\/\/mirco.pl\/wp-content\/uploads\/2019\/01\/flyer-01-768x960.jpg 768w, http:\/\/mirco.pl\/wp-content\/uploads\/2019\/01\/flyer-01-819x1024.jpg 819w, http:\/\/mirco.pl\/wp-content\/uploads\/2019\/01\/flyer-01-600x750.jpg 600w, http:\/\/mirco.pl\/wp-content\/uploads\/2019\/01\/flyer-01.jpg 960w\" alt=\"\" width=\"240\" height=\"300\" \/><\/a><\/figure><figure class=\"gallery-item\"><a href=\"http:\/\/mirco.pl\/wp-content\/uploads\/2019\/01\/flyer-02.jpg\" data-elementor-open-lightbox=\"default\" data-elementor-lightbox-slideshow=\"096d98e\"><img loading=\"lazy\" decoding=\"async\" src=\"http:\/\/mirco.pl\/wp-content\/uploads\/2019\/01\/flyer-02-240x300.jpg\" sizes=\"(max-width: 240px) 100vw, 240px\" srcset=\"http:\/\/mirco.pl\/wp-content\/uploads\/2019\/01\/flyer-02-240x300.jpg 240w, http:\/\/mirco.pl\/wp-content\/uploads\/2019\/01\/flyer-02-768x960.jpg 768w, http:\/\/mirco.pl\/wp-content\/uploads\/2019\/01\/flyer-02-819x1024.jpg 819w, http:\/\/mirco.pl\/wp-content\/uploads\/2019\/01\/flyer-02-600x750.jpg 600w, http:\/\/mirco.pl\/wp-content\/uploads\/2019\/01\/flyer-02.jpg 960w\" alt=\"\" width=\"240\" height=\"300\" \/><\/a><\/figure><figure class=\"gallery-item\"><a href=\"http:\/\/mirco.pl\/wp-content\/uploads\/2019\/09\/SX5-01-AL.jpg\" data-elementor-open-lightbox=\"default\" data-elementor-lightbox-slideshow=\"096d98e\"><img loading=\"lazy\" decoding=\"async\" src=\"http:\/\/mirco.pl\/wp-content\/uploads\/2019\/09\/SX5-01-AL-240x300.jpg\" sizes=\"(max-width: 240px) 100vw, 240px\" srcset=\"http:\/\/mirco.pl\/wp-content\/uploads\/2019\/09\/SX5-01-AL-240x300.jpg 240w, http:\/\/mirco.pl\/wp-content\/uploads\/2019\/09\/SX5-01-AL-768x960.jpg 768w, http:\/\/mirco.pl\/wp-content\/uploads\/2019\/09\/SX5-01-AL-819x1024.jpg 819w, http:\/\/mirco.pl\/wp-content\/uploads\/2019\/09\/SX5-01-AL-600x750.jpg 600w, http:\/\/mirco.pl\/wp-content\/uploads\/2019\/09\/SX5-01-AL.jpg 960w\" alt=\"\" width=\"240\" height=\"300\" \/><\/a><\/figure><figure class=\"gallery-item\"><a href=\"http:\/\/mirco.pl\/wp-content\/uploads\/2019\/09\/SX5-01-VN.jpg\" data-elementor-open-lightbox=\"default\" data-elementor-lightbox-slideshow=\"096d98e\"><img loading=\"lazy\" decoding=\"async\" src=\"http:\/\/mirco.pl\/wp-content\/uploads\/2019\/09\/SX5-01-VN-240x300.jpg\" sizes=\"(max-width: 240px) 100vw, 240px\" srcset=\"http:\/\/mirco.pl\/wp-content\/uploads\/2019\/09\/SX5-01-VN-240x300.jpg 240w, http:\/\/mirco.pl\/wp-content\/uploads\/2019\/09\/SX5-01-VN-768x960.jpg 768w, http:\/\/mirco.pl\/wp-content\/uploads\/2019\/09\/SX5-01-VN-819x1024.jpg 819w, http:\/\/mirco.pl\/wp-content\/uploads\/2019\/09\/SX5-01-VN-600x750.jpg 600w, http:\/\/mirco.pl\/wp-content\/uploads\/2019\/09\/SX5-01-VN.jpg 960w\" alt=\"\" width=\"240\" height=\"300\" \/><\/a><\/figure>\t\t\t\t\t\t<\/div>\n\t\t\t\t<\/div>\n\t\t\t\t\t<\/div>\n\t\t<\/div>\n\t\t\t\t\t\t\t<\/div>\n\t\t<\/section>\n\t\t\t\t\t\t\t<\/div>\n\t\t","protected":false},"excerpt":{"rendered":"<p>Galeria GALERIA MIRCO KLASYCZNE Kilka przyk\u0142ad\u00f3w zdj\u0119\u0107 foteli klasycznych. LS SKAJ PL<\/p>\n","protected":false},"author":1,"featured_media":0,"parent":2314,"menu_order":0,"comment_status":"closed","ping_status":"closed","template":"","meta":{"ocean_post_layout":"","ocean_both_sidebars_style":"","ocean_both_sidebars_content_width":0,"ocean_both_sidebars_sidebars_width":0,"ocean_sidebar":"0","ocean_second_sidebar":"0","ocean_disable_margins":"enable","ocean_add_body_class":"","ocean_shortcode_before_top_bar":"","ocean_shortcode_after_top_bar":"","ocean_shortcode_before_header":"","ocean_shortcode_after_header":"","ocean_has_shortcode":"","ocean_shortcode_after_title":"","ocean_shortcode_before_footer_widgets":"","ocean_shortcode_after_footer_widgets":"","ocean_shortcode_before_footer_bottom":"","ocean_shortcode_after_footer_bottom":"","ocean_display_top_bar":"default","ocean_display_header":"default","ocean_header_style":"","ocean_center_header_left_menu":"0","ocean_custom_header_template":"0","ocean_custom_logo":0,"ocean_custom_retina_logo":0,"ocean_custom_logo_max_width":0,"ocean_custom_logo_tablet_max_width":0,"ocean_custom_logo_mobile_max_width":0,"ocean_custom_logo_max_height":0,"ocean_custom_logo_tablet_max_height":0,"ocean_custom_logo_mobile_max_height":0,"ocean_header_custom_menu":"0","ocean_menu_typo_font_family":"0","ocean_menu_typo_font_subset":"","ocean_menu_typo_font_size":0,"ocean_menu_typo_font_size_tablet":0,"ocean_menu_typo_font_size_mobile":0,"ocean_menu_typo_font_size_unit":"px","ocean_menu_typo_font_weight":"","ocean_menu_typo_font_weight_tablet":"","ocean_menu_typo_font_weight_mobile":"","ocean_menu_typo_transform":"","ocean_menu_typo_transform_tablet":"","ocean_menu_typo_transform_mobile":"","ocean_menu_typo_line_height":0,"ocean_menu_typo_line_height_tablet":0,"ocean_menu_typo_line_height_mobile":0,"ocean_menu_typo_line_height_unit":"","ocean_menu_typo_spacing":0,"ocean_menu_typo_spacing_tablet":0,"ocean_menu_typo_spacing_mobile":0,"ocean_menu_typo_spacing_unit":"","ocean_menu_link_color":"","ocean_menu_link_color_hover":"","ocean_menu_link_color_active":"","ocean_menu_link_background":"","ocean_menu_link_hover_background":"","ocean_menu_link_active_background":"","ocean_menu_social_links_bg":"","ocean_menu_social_hover_links_bg":"","ocean_menu_social_links_color":"","ocean_menu_social_hover_links_color":"","ocean_disable_title":"default","ocean_disable_heading":"default","ocean_post_title":"","ocean_post_subheading":"","ocean_post_title_style":"","ocean_post_title_background_color":"","ocean_post_title_background":0,"ocean_post_title_bg_image_position":"","ocean_post_title_bg_image_attachment":"","ocean_post_title_bg_image_repeat":"","ocean_post_title_bg_image_size":"","ocean_post_title_height":0,"ocean_post_title_bg_overlay":0.5,"ocean_post_title_bg_overlay_color":"","ocean_disable_breadcrumbs":"default","ocean_breadcrumbs_color":"","ocean_breadcrumbs_separator_color":"","ocean_breadcrumbs_links_color":"","ocean_breadcrumbs_links_hover_color":"","ocean_display_footer_widgets":"default","ocean_display_footer_bottom":"default","ocean_custom_footer_template":"0","footnotes":""},"class_list":["post-3041","page","type-page","status-publish","hentry","entry","owp-thumbs-layout-horizontal","owp-btn-normal","owp-tabs-layout-horizontal","has-no-thumbnails"],"_links":{"self":[{"href":"https:\/\/mirco.pl\/en\/wp-json\/wp\/v2\/pages\/3041","targetHints":{"allow":["GET"]}}],"collection":[{"href":"https:\/\/mirco.pl\/en\/wp-json\/wp\/v2\/pages"}],"about":[{"href":"https:\/\/mirco.pl\/en\/wp-json\/wp\/v2\/types\/page"}],"author":[{"embeddable":true,"href":"https:\/\/mirco.pl\/en\/wp-json\/wp\/v2\/users\/1"}],"replies":[{"embeddable":true,"href":"https:\/\/mirco.pl\/en\/wp-json\/wp\/v2\/comments?post=3041"}],"version-history":[{"count":6,"href":"https:\/\/mirco.pl\/en\/wp-json\/wp\/v2\/pages\/3041\/revisions"}],"predecessor-version":[{"id":3299,"href":"https:\/\/mirco.pl\/en\/wp-json\/wp\/v2\/pages\/3041\/revisions\/3299"}],"up":[{"embeddable":true,"href":"https:\/\/mirco.pl\/en\/wp-json\/wp\/v2\/pages\/2314"}],"wp:attachment":[{"href":"https:\/\/mirco.pl\/en\/wp-json\/wp\/v2\/media?parent=3041"}],"curies":[{"name":"wp","href":"https:\/\/api.w.org\/{rel}","templated":true}]}}