{"id":3019,"date":"2018-12-17T14:11:22","date_gmt":"2018-12-17T13:11:22","guid":{"rendered":"http:\/\/mirco.pl\/?page_id=3019"},"modified":"2019-11-15T06:49:47","modified_gmt":"2019-11-15T05:49:47","slug":"mirco-rs2","status":"publish","type":"page","link":"https:\/\/mirco.pl\/fr\/galerie\/mirco-rs2\/","title":{"rendered":"MIRCO RS2"},"content":{"rendered":"<h3>Galeria<\/h3>\n<h4>\n\t\t\t\t\tGALERIA<\/h4>\n<p>MIRCO RS2  FIA<\/p>\n<p>Kilka przyk\u0142adowych zdj\u0119\u0107 foteli<\/p>\n<figure class=\"gallery-item\">\n\t\t\t\t<a data-elementor-open-lightbox=\"default\" data-elementor-lightbox-slideshow=\"843dcaa\" href=\"http:\/\/mirco.pl\/wp-content\/uploads\/2019\/01\/RS2-3D-BLUE.jpg\"><img fetchpriority=\"high\" decoding=\"async\" width=\"225\" height=\"300\" src=\"http:\/\/mirco.pl\/wp-content\/uploads\/2019\/01\/RS2-3D-BLUE-225x300.jpg\" alt=\"\" srcset=\"http:\/\/mirco.pl\/wp-content\/uploads\/2019\/01\/RS2-3D-BLUE-225x300.jpg 225w, http:\/\/mirco.pl\/wp-content\/uploads\/2019\/01\/RS2-3D-BLUE-768x1024.jpg 768w, http:\/\/mirco.pl\/wp-content\/uploads\/2019\/01\/RS2-3D-BLUE-600x800.jpg 600w, http:\/\/mirco.pl\/wp-content\/uploads\/2019\/01\/RS2-3D-BLUE.jpg 1200w\" sizes=\"(max-width: 225px) 100vw, 225px\"><\/a><\/figure>\n<figure class=\"gallery-item\">\n\t\t\t\t<a data-elementor-open-lightbox=\"default\" data-elementor-lightbox-slideshow=\"843dcaa\" href=\"http:\/\/mirco.pl\/wp-content\/uploads\/2019\/01\/RS2-BO.jpg\"><img decoding=\"async\" width=\"200\" height=\"300\" src=\"http:\/\/mirco.pl\/wp-content\/uploads\/2019\/01\/RS2-BO-200x300.jpg\" alt=\"\" srcset=\"http:\/\/mirco.pl\/wp-content\/uploads\/2019\/01\/RS2-BO-200x300.jpg 200w, http:\/\/mirco.pl\/wp-content\/uploads\/2019\/01\/RS2-BO-768x1152.jpg 768w, http:\/\/mirco.pl\/wp-content\/uploads\/2019\/01\/RS2-BO-683x1024.jpg 683w, http:\/\/mirco.pl\/wp-content\/uploads\/2019\/01\/RS2-BO-600x900.jpg 600w, http:\/\/mirco.pl\/wp-content\/uploads\/2019\/01\/RS2-BO.jpg 800w\" sizes=\"(max-width: 200px) 100vw, 200px\"><\/a><\/figure>\n<figure class=\"gallery-item\">\n\t\t\t\t<a data-elementor-open-lightbox=\"default\" data-elementor-lightbox-slideshow=\"843dcaa\" href=\"http:\/\/mirco.pl\/wp-content\/uploads\/2019\/01\/rs2-105.jpg\"><img decoding=\"async\" width=\"200\" height=\"300\" src=\"http:\/\/mirco.pl\/wp-content\/uploads\/2019\/01\/rs2-105-200x300.jpg\" alt=\"\" srcset=\"http:\/\/mirco.pl\/wp-content\/uploads\/2019\/01\/rs2-105-200x300.jpg 200w, http:\/\/mirco.pl\/wp-content\/uploads\/2019\/01\/rs2-105-768x1152.jpg 768w, http:\/\/mirco.pl\/wp-content\/uploads\/2019\/01\/rs2-105-683x1024.jpg 683w, http:\/\/mirco.pl\/wp-content\/uploads\/2019\/01\/rs2-105-600x900.jpg 600w, http:\/\/mirco.pl\/wp-content\/uploads\/2019\/01\/rs2-105.jpg 800w\" sizes=\"(max-width: 200px) 100vw, 200px\"><\/a><\/figure>\n<figure class=\"gallery-item\">\n\t\t\t\t<a data-elementor-open-lightbox=\"default\" data-elementor-lightbox-slideshow=\"843dcaa\" href=\"http:\/\/mirco.pl\/wp-content\/uploads\/2019\/01\/RS2-3D-107.jpg\"><img loading=\"lazy\" decoding=\"async\" width=\"200\" height=\"300\" src=\"http:\/\/mirco.pl\/wp-content\/uploads\/2019\/01\/RS2-3D-107-200x300.jpg\" alt=\"\" srcset=\"http:\/\/mirco.pl\/wp-content\/uploads\/2019\/01\/RS2-3D-107-200x300.jpg 200w, http:\/\/mirco.pl\/wp-content\/uploads\/2019\/01\/RS2-3D-107-768x1152.jpg 768w, http:\/\/mirco.pl\/wp-content\/uploads\/2019\/01\/RS2-3D-107-683x1024.jpg 683w, http:\/\/mirco.pl\/wp-content\/uploads\/2019\/01\/RS2-3D-107-600x900.jpg 600w, http:\/\/mirco.pl\/wp-content\/uploads\/2019\/01\/RS2-3D-107.jpg 800w\" sizes=\"(max-width: 200px) 100vw, 200px\"><\/a><\/figure>\n<figure class=\"gallery-item\">\n\t\t\t\t<a data-elementor-open-lightbox=\"default\" data-elementor-lightbox-slideshow=\"843dcaa\" href=\"http:\/\/mirco.pl\/wp-content\/uploads\/2019\/01\/RS2-3D-106.jpg\"><img loading=\"lazy\" decoding=\"async\" width=\"200\" height=\"300\" src=\"http:\/\/mirco.pl\/wp-content\/uploads\/2019\/01\/RS2-3D-106-200x300.jpg\" alt=\"\" srcset=\"http:\/\/mirco.pl\/wp-content\/uploads\/2019\/01\/RS2-3D-106-200x300.jpg 200w, http:\/\/mirco.pl\/wp-content\/uploads\/2019\/01\/RS2-3D-106-768x1152.jpg 768w, http:\/\/mirco.pl\/wp-content\/uploads\/2019\/01\/RS2-3D-106-683x1024.jpg 683w, http:\/\/mirco.pl\/wp-content\/uploads\/2019\/01\/RS2-3D-106-600x900.jpg 600w, http:\/\/mirco.pl\/wp-content\/uploads\/2019\/01\/RS2-3D-106.jpg 800w\" sizes=\"(max-width: 200px) 100vw, 200px\"><\/a><\/figure>\n<figure class=\"gallery-item\">\n\t\t\t\t<a data-elementor-open-lightbox=\"default\" data-elementor-lightbox-slideshow=\"843dcaa\" href=\"http:\/\/mirco.pl\/wp-content\/uploads\/2019\/01\/FRS2-3DW2SO.jpg\"><img loading=\"lazy\" decoding=\"async\" width=\"225\" height=\"300\" src=\"http:\/\/mirco.pl\/wp-content\/uploads\/2019\/01\/FRS2-3DW2SO-225x300.jpg\" alt=\"\" srcset=\"http:\/\/mirco.pl\/wp-content\/uploads\/2019\/01\/FRS2-3DW2SO-225x300.jpg 225w, http:\/\/mirco.pl\/wp-content\/uploads\/2019\/01\/FRS2-3DW2SO-768x1024.jpg 768w, http:\/\/mirco.pl\/wp-content\/uploads\/2019\/01\/FRS2-3DW2SO-600x800.jpg 600w, http:\/\/mirco.pl\/wp-content\/uploads\/2019\/01\/FRS2-3DW2SO.jpg 1200w\" sizes=\"(max-width: 225px) 100vw, 225px\"><\/a><\/figure>\n<figure class=\"gallery-item\">\n\t\t\t\t<a data-elementor-open-lightbox=\"default\" data-elementor-lightbox-slideshow=\"843dcaa\" href=\"http:\/\/mirco.pl\/wp-content\/uploads\/2019\/01\/RS2-W1O.jpg\"><img loading=\"lazy\" decoding=\"async\" width=\"200\" height=\"300\" src=\"http:\/\/mirco.pl\/wp-content\/uploads\/2019\/01\/RS2-W1O-200x300.jpg\" alt=\"\" srcset=\"http:\/\/mirco.pl\/wp-content\/uploads\/2019\/01\/RS2-W1O-200x300.jpg 200w, http:\/\/mirco.pl\/wp-content\/uploads\/2019\/01\/RS2-W1O-768x1152.jpg 768w, http:\/\/mirco.pl\/wp-content\/uploads\/2019\/01\/RS2-W1O-683x1024.jpg 683w, http:\/\/mirco.pl\/wp-content\/uploads\/2019\/01\/RS2-W1O-600x900.jpg 600w, http:\/\/mirco.pl\/wp-content\/uploads\/2019\/01\/RS2-W1O.jpg 800w\" sizes=\"(max-width: 200px) 100vw, 200px\"><\/a><\/figure>\n<figure class=\"gallery-item\">\n\t\t\t\t<a data-elementor-open-lightbox=\"default\" data-elementor-lightbox-slideshow=\"843dcaa\" href=\"http:\/\/mirco.pl\/wp-content\/uploads\/2019\/01\/RS2-3DW1B.jpg\"><img loading=\"lazy\" decoding=\"async\" width=\"200\" height=\"300\" src=\"http:\/\/mirco.pl\/wp-content\/uploads\/2019\/01\/RS2-3DW1B-200x300.jpg\" alt=\"\" srcset=\"http:\/\/mirco.pl\/wp-content\/uploads\/2019\/01\/RS2-3DW1B-200x300.jpg 200w, http:\/\/mirco.pl\/wp-content\/uploads\/2019\/01\/RS2-3DW1B-768x1152.jpg 768w, http:\/\/mirco.pl\/wp-content\/uploads\/2019\/01\/RS2-3DW1B-683x1024.jpg 683w, http:\/\/mirco.pl\/wp-content\/uploads\/2019\/01\/RS2-3DW1B-600x900.jpg 600w, http:\/\/mirco.pl\/wp-content\/uploads\/2019\/01\/RS2-3DW1B.jpg 800w\" sizes=\"(max-width: 200px) 100vw, 200px\"><\/a><\/figure>\n<figure class=\"gallery-item\">\n\t\t\t\t<a data-elementor-open-lightbox=\"default\" data-elementor-lightbox-slideshow=\"843dcaa\" href=\"http:\/\/mirco.pl\/wp-content\/uploads\/2019\/01\/RS2-3D-10.jpg\"><img loading=\"lazy\" decoding=\"async\" width=\"200\" height=\"300\" src=\"http:\/\/mirco.pl\/wp-content\/uploads\/2019\/01\/RS2-3D-10-200x300.jpg\" alt=\"\" srcset=\"http:\/\/mirco.pl\/wp-content\/uploads\/2019\/01\/RS2-3D-10-200x300.jpg 200w, http:\/\/mirco.pl\/wp-content\/uploads\/2019\/01\/RS2-3D-10-768x1152.jpg 768w, http:\/\/mirco.pl\/wp-content\/uploads\/2019\/01\/RS2-3D-10-683x1024.jpg 683w, http:\/\/mirco.pl\/wp-content\/uploads\/2019\/01\/RS2-3D-10-600x900.jpg 600w, http:\/\/mirco.pl\/wp-content\/uploads\/2019\/01\/RS2-3D-10.jpg 800w\" sizes=\"(max-width: 200px) 100vw, 200px\"><\/a><\/figure>\n<figure class=\"gallery-item\">\n\t\t\t\t<a data-elementor-open-lightbox=\"default\" data-elementor-lightbox-slideshow=\"843dcaa\" href=\"http:\/\/mirco.pl\/wp-content\/uploads\/2019\/01\/rs2-02.jpg\"><img loading=\"lazy\" decoding=\"async\" width=\"225\" height=\"300\" src=\"http:\/\/mirco.pl\/wp-content\/uploads\/2019\/01\/rs2-02-225x300.jpg\" alt=\"\" srcset=\"http:\/\/mirco.pl\/wp-content\/uploads\/2019\/01\/rs2-02-225x300.jpg 225w, http:\/\/mirco.pl\/wp-content\/uploads\/2019\/01\/rs2-02-768x1024.jpg 768w, http:\/\/mirco.pl\/wp-content\/uploads\/2019\/01\/rs2-02-600x800.jpg 600w, http:\/\/mirco.pl\/wp-content\/uploads\/2019\/01\/rs2-02.jpg 1200w\" sizes=\"(max-width: 225px) 100vw, 225px\"><\/a><\/figure>\n<figure class=\"gallery-item\">\n\t\t\t\t<a data-elementor-open-lightbox=\"default\" data-elementor-lightbox-slideshow=\"843dcaa\" href=\"http:\/\/mirco.pl\/wp-content\/uploads\/2019\/01\/rs2-01.jpg\"><img loading=\"lazy\" decoding=\"async\" width=\"225\" height=\"300\" src=\"http:\/\/mirco.pl\/wp-content\/uploads\/2019\/01\/rs2-01-225x300.jpg\" alt=\"\" srcset=\"http:\/\/mirco.pl\/wp-content\/uploads\/2019\/01\/rs2-01-225x300.jpg 225w, http:\/\/mirco.pl\/wp-content\/uploads\/2019\/01\/rs2-01-768x1024.jpg 768w, http:\/\/mirco.pl\/wp-content\/uploads\/2019\/01\/rs2-01-600x800.jpg 600w, http:\/\/mirco.pl\/wp-content\/uploads\/2019\/01\/rs2-01.jpg 1200w\" sizes=\"(max-width: 225px) 100vw, 225px\"><\/a><\/figure>\n<figure class=\"gallery-item\">\n\t\t\t\t<a data-elementor-open-lightbox=\"default\" data-elementor-lightbox-slideshow=\"843dcaa\" href=\"http:\/\/mirco.pl\/wp-content\/uploads\/2019\/02\/rs3dred.jpg\"><img loading=\"lazy\" decoding=\"async\" width=\"200\" height=\"300\" src=\"http:\/\/mirco.pl\/wp-content\/uploads\/2019\/02\/rs3dred-200x300.jpg\" alt=\"\" srcset=\"http:\/\/mirco.pl\/wp-content\/uploads\/2019\/02\/rs3dred-200x300.jpg 200w, http:\/\/mirco.pl\/wp-content\/uploads\/2019\/02\/rs3dred-768x1152.jpg 768w, http:\/\/mirco.pl\/wp-content\/uploads\/2019\/02\/rs3dred-683x1024.jpg 683w, http:\/\/mirco.pl\/wp-content\/uploads\/2019\/02\/rs3dred-600x900.jpg 600w, http:\/\/mirco.pl\/wp-content\/uploads\/2019\/02\/rs3dred.jpg 800w\" sizes=\"(max-width: 200px) 100vw, 200px\"><\/a><\/figure>\n<figure class=\"gallery-item\">\n\t\t\t\t<a data-elementor-open-lightbox=\"default\" data-elementor-lightbox-slideshow=\"843dcaa\" href=\"http:\/\/mirco.pl\/wp-content\/uploads\/2019\/02\/RS2-VN-100.jpg\"><img loading=\"lazy\" decoding=\"async\" width=\"182\" height=\"300\" src=\"http:\/\/mirco.pl\/wp-content\/uploads\/2019\/02\/RS2-VN-100-182x300.jpg\" alt=\"\" srcset=\"http:\/\/mirco.pl\/wp-content\/uploads\/2019\/02\/RS2-VN-100-182x300.jpg 182w, http:\/\/mirco.pl\/wp-content\/uploads\/2019\/02\/RS2-VN-100-768x1267.jpg 768w, http:\/\/mirco.pl\/wp-content\/uploads\/2019\/02\/RS2-VN-100-621x1024.jpg 621w, http:\/\/mirco.pl\/wp-content\/uploads\/2019\/02\/RS2-VN-100-600x990.jpg 600w, http:\/\/mirco.pl\/wp-content\/uploads\/2019\/02\/RS2-VN-100.jpg 1000w\" sizes=\"(max-width: 182px) 100vw, 182px\"><\/a><\/figure>\n<figure class=\"gallery-item\">\n\t\t\t\t<a data-elementor-open-lightbox=\"default\" data-elementor-lightbox-slideshow=\"843dcaa\" href=\"http:\/\/mirco.pl\/wp-content\/uploads\/2019\/02\/RS2-zakard.jpg\"><img loading=\"lazy\" decoding=\"async\" width=\"200\" height=\"300\" src=\"http:\/\/mirco.pl\/wp-content\/uploads\/2019\/02\/RS2-zakard-200x300.jpg\" alt=\"\" srcset=\"http:\/\/mirco.pl\/wp-content\/uploads\/2019\/02\/RS2-zakard-200x300.jpg 200w, http:\/\/mirco.pl\/wp-content\/uploads\/2019\/02\/RS2-zakard-768x1152.jpg 768w, http:\/\/mirco.pl\/wp-content\/uploads\/2019\/02\/RS2-zakard-683x1024.jpg 683w, http:\/\/mirco.pl\/wp-content\/uploads\/2019\/02\/RS2-zakard-600x900.jpg 600w, http:\/\/mirco.pl\/wp-content\/uploads\/2019\/02\/RS2-zakard.jpg 800w\" sizes=\"(max-width: 200px) 100vw, 200px\"><\/a><\/figure>\n<figure class=\"gallery-item\">\n\t\t\t\t<a data-elementor-open-lightbox=\"default\" data-elementor-lightbox-slideshow=\"843dcaa\" href=\"http:\/\/mirco.pl\/wp-content\/uploads\/2019\/02\/RS2-3D-01.jpg\"><img loading=\"lazy\" decoding=\"async\" width=\"240\" height=\"300\" src=\"http:\/\/mirco.pl\/wp-content\/uploads\/2019\/02\/RS2-3D-01-240x300.jpg\" alt=\"\" srcset=\"http:\/\/mirco.pl\/wp-content\/uploads\/2019\/02\/RS2-3D-01-240x300.jpg 240w, http:\/\/mirco.pl\/wp-content\/uploads\/2019\/02\/RS2-3D-01-768x960.jpg 768w, http:\/\/mirco.pl\/wp-content\/uploads\/2019\/02\/RS2-3D-01-819x1024.jpg 819w, http:\/\/mirco.pl\/wp-content\/uploads\/2019\/02\/RS2-3D-01-600x750.jpg 600w, http:\/\/mirco.pl\/wp-content\/uploads\/2019\/02\/RS2-3D-01.jpg 960w\" sizes=\"(max-width: 240px) 100vw, 240px\"><\/a><\/figure>\n<figure class=\"gallery-item\">\n\t\t\t\t<a data-elementor-open-lightbox=\"default\" data-elementor-lightbox-slideshow=\"843dcaa\" href=\"http:\/\/mirco.pl\/wp-content\/uploads\/2019\/02\/RS2-6.jpg\"><img loading=\"lazy\" decoding=\"async\" width=\"240\" height=\"300\" src=\"http:\/\/mirco.pl\/wp-content\/uploads\/2019\/02\/RS2-6-240x300.jpg\" alt=\"\" srcset=\"http:\/\/mirco.pl\/wp-content\/uploads\/2019\/02\/RS2-6-240x300.jpg 240w, http:\/\/mirco.pl\/wp-content\/uploads\/2019\/02\/RS2-6-768x960.jpg 768w, http:\/\/mirco.pl\/wp-content\/uploads\/2019\/02\/RS2-6-819x1024.jpg 819w, http:\/\/mirco.pl\/wp-content\/uploads\/2019\/02\/RS2-6-600x750.jpg 600w, http:\/\/mirco.pl\/wp-content\/uploads\/2019\/02\/RS2-6.jpg 960w\" sizes=\"(max-width: 240px) 100vw, 240px\"><\/a><\/figure>\n<figure class=\"gallery-item\">\n\t\t\t\t<a data-elementor-open-lightbox=\"default\" data-elementor-lightbox-slideshow=\"843dcaa\" href=\"http:\/\/mirco.pl\/wp-content\/uploads\/2019\/02\/RS2-3D-03.jpg\"><img loading=\"lazy\" decoding=\"async\" width=\"240\" height=\"300\" src=\"http:\/\/mirco.pl\/wp-content\/uploads\/2019\/02\/RS2-3D-03-240x300.jpg\" alt=\"\" srcset=\"http:\/\/mirco.pl\/wp-content\/uploads\/2019\/02\/RS2-3D-03-240x300.jpg 240w, http:\/\/mirco.pl\/wp-content\/uploads\/2019\/02\/RS2-3D-03-768x960.jpg 768w, http:\/\/mirco.pl\/wp-content\/uploads\/2019\/02\/RS2-3D-03-819x1024.jpg 819w, http:\/\/mirco.pl\/wp-content\/uploads\/2019\/02\/RS2-3D-03-600x750.jpg 600w, http:\/\/mirco.pl\/wp-content\/uploads\/2019\/02\/RS2-3D-03.jpg 960w\" sizes=\"(max-width: 240px) 100vw, 240px\"><\/a><\/figure>\n","protected":false},"excerpt":{"rendered":"<p>Galeria GALERIA MIRCO RS2 FIA Kilka przyk\u0142adowych zdj\u0119\u0107 foteli<\/p>\n","protected":false},"author":2,"featured_media":0,"parent":2287,"menu_order":0,"comment_status":"closed","ping_status":"closed","template":"","meta":{"ocean_post_layout":"","ocean_both_sidebars_style":"","ocean_both_sidebars_content_width":0,"ocean_both_sidebars_sidebars_width":0,"ocean_sidebar":"0","ocean_second_sidebar":"0","ocean_disable_margins":"enable","ocean_add_body_class":"","ocean_shortcode_before_top_bar":"","ocean_shortcode_after_top_bar":"","ocean_shortcode_before_header":"","ocean_shortcode_after_header":"","ocean_has_shortcode":"","ocean_shortcode_after_title":"","ocean_shortcode_before_footer_widgets":"","ocean_shortcode_after_footer_widgets":"","ocean_shortcode_before_footer_bottom":"","ocean_shortcode_after_footer_bottom":"","ocean_display_top_bar":"default","ocean_display_header":"default","ocean_header_style":"","ocean_center_header_left_menu":"0","ocean_custom_header_template":"0","ocean_custom_logo":0,"ocean_custom_retina_logo":0,"ocean_custom_logo_max_width":0,"ocean_custom_logo_tablet_max_width":0,"ocean_custom_logo_mobile_max_width":0,"ocean_custom_logo_max_height":0,"ocean_custom_logo_tablet_max_height":0,"ocean_custom_logo_mobile_max_height":0,"ocean_header_custom_menu":"0","ocean_menu_typo_font_family":"0","ocean_menu_typo_font_subset":"","ocean_menu_typo_font_size":0,"ocean_menu_typo_font_size_tablet":0,"ocean_menu_typo_font_size_mobile":0,"ocean_menu_typo_font_size_unit":"px","ocean_menu_typo_font_weight":"","ocean_menu_typo_font_weight_tablet":"","ocean_menu_typo_font_weight_mobile":"","ocean_menu_typo_transform":"","ocean_menu_typo_transform_tablet":"","ocean_menu_typo_transform_mobile":"","ocean_menu_typo_line_height":0,"ocean_menu_typo_line_height_tablet":0,"ocean_menu_typo_line_height_mobile":0,"ocean_menu_typo_line_height_unit":"","ocean_menu_typo_spacing":0,"ocean_menu_typo_spacing_tablet":0,"ocean_menu_typo_spacing_mobile":0,"ocean_menu_typo_spacing_unit":"","ocean_menu_link_color":"","ocean_menu_link_color_hover":"","ocean_menu_link_color_active":"","ocean_menu_link_background":"","ocean_menu_link_hover_background":"","ocean_menu_link_active_background":"","ocean_menu_social_links_bg":"","ocean_menu_social_hover_links_bg":"","ocean_menu_social_links_color":"","ocean_menu_social_hover_links_color":"","ocean_disable_title":"default","ocean_disable_heading":"default","ocean_post_title":"","ocean_post_subheading":"","ocean_post_title_style":"","ocean_post_title_background_color":"","ocean_post_title_background":0,"ocean_post_title_bg_image_position":"","ocean_post_title_bg_image_attachment":"","ocean_post_title_bg_image_repeat":"","ocean_post_title_bg_image_size":"","ocean_post_title_height":0,"ocean_post_title_bg_overlay":0.5,"ocean_post_title_bg_overlay_color":"","ocean_disable_breadcrumbs":"default","ocean_breadcrumbs_color":"","ocean_breadcrumbs_separator_color":"","ocean_breadcrumbs_links_color":"","ocean_breadcrumbs_links_hover_color":"","ocean_display_footer_widgets":"default","ocean_display_footer_bottom":"default","ocean_custom_footer_template":"0","footnotes":""},"class_list":["post-3019","page","type-page","status-publish","hentry","entry","owp-thumbs-layout-horizontal","owp-btn-normal","owp-tabs-layout-horizontal","has-no-thumbnails"],"_links":{"self":[{"href":"https:\/\/mirco.pl\/fr\/wp-json\/wp\/v2\/pages\/3019","targetHints":{"allow":["GET"]}}],"collection":[{"href":"https:\/\/mirco.pl\/fr\/wp-json\/wp\/v2\/pages"}],"about":[{"href":"https:\/\/mirco.pl\/fr\/wp-json\/wp\/v2\/types\/page"}],"author":[{"embeddable":true,"href":"https:\/\/mirco.pl\/fr\/wp-json\/wp\/v2\/users\/2"}],"replies":[{"embeddable":true,"href":"https:\/\/mirco.pl\/fr\/wp-json\/wp\/v2\/comments?post=3019"}],"version-history":[{"count":2,"href":"https:\/\/mirco.pl\/fr\/wp-json\/wp\/v2\/pages\/3019\/revisions"}],"predecessor-version":[{"id":3220,"href":"https:\/\/mirco.pl\/fr\/wp-json\/wp\/v2\/pages\/3019\/revisions\/3220"}],"up":[{"embeddable":true,"href":"https:\/\/mirco.pl\/fr\/wp-json\/wp\/v2\/pages\/2287"}],"wp:attachment":[{"href":"https:\/\/mirco.pl\/fr\/wp-json\/wp\/v2\/media?parent=3019"}],"curies":[{"name":"wp","href":"https:\/\/api.w.org\/{rel}","templated":true}]}}