{"id":2453,"date":"2019-01-18T11:13:39","date_gmt":"2019-01-18T10:13:39","guid":{"rendered":"http:\/\/mirco.pl\/produkt\/mirco-rs1-fia\/"},"modified":"2025-07-15T10:56:32","modified_gmt":"2025-07-15T08:56:32","slug":"mirco-rs1-fia","status":"publish","type":"product","link":"https:\/\/mirco.pl\/fr\/produkt\/mirco-rs1-fia\/","title":{"rendered":"MIRCO RS1 FIA"},"content":{"rendered":"<div>\n<p><span style=\"font-family: Times New Roman, serif;\"><span style=\"font-size: medium;\"><b>La housse de si\u00e8ge peut \u00eatre en velours, tissu 3D, jacquard ou cuir artificiel.<\/b><\/span><\/span><\/p>\n<\/div>\n<div><b><a class=\"oceanwp-lightbox\" href=\"http:\/\/mirco.pl\/wp-content\/uploads\/2018\/11\/KOLORY-MATERIA%C5%81OW-1.jpg\" data-slimstat=\"5\"><img fetchpriority=\"high\" decoding=\"async\" class=\"size-full wp-image-469 aligncenter\" src=\"http:\/\/mirco.pl\/wp-content\/uploads\/2018\/11\/KOLORY-MATERIA%C5%81OW-1.jpg\" alt=\"\" width=\"960\" height=\"250\" \/><\/a><br \/>\n<\/b><\/div>\n<div><\/div>\n<div><\/div>\n<p><span style=\"font-family: Times New Roman, serif;\"><span style=\"font-size: medium;\"><b>Couleurs de mat\u00e9riaux disponibles<\/b><\/span><\/span><\/p>\n<p><a class=\"oceanwp-lightbox\" href=\"http:\/\/mirco.pl\/wp-content\/uploads\/2018\/11\/MATERIA%C5%81Y.jpg\" data-slimstat=\"5\"><img decoding=\"async\" class=\"alignleft wp-image-474 size-medium\" src=\"http:\/\/mirco.pl\/wp-content\/uploads\/2018\/11\/MATERIA%C5%81Y-240x300.jpg\" sizes=\"(max-width: 240px) 100vw, 240px\" srcset=\"https:\/\/mirco.pl\/wp-content\/uploads\/2018\/11\/MATERIA\u0141Y-240x300.jpg 240w, https:\/\/mirco.pl\/wp-content\/uploads\/2018\/11\/MATERIA\u0141Y-600x750.jpg 600w, https:\/\/mirco.pl\/wp-content\/uploads\/2018\/11\/MATERIA\u0141Y-768x960.jpg 768w, https:\/\/mirco.pl\/wp-content\/uploads\/2018\/11\/MATERIA\u0141Y-819x1024.jpg 819w, https:\/\/mirco.pl\/wp-content\/uploads\/2018\/11\/MATERIA\u0141Y.jpg 960w\" alt=\"\" width=\"240\" height=\"300\" \/><\/a><\/p>\n<p><a class=\"oceanwp-lightbox\" href=\"http:\/\/mirco.pl\/wp-content\/uploads\/2018\/11\/MATERIA%C5%81Y-3D.jpg\" data-slimstat=\"5\"><img decoding=\"async\" class=\"alignleft wp-image-486 size-medium\" src=\"http:\/\/mirco.pl\/wp-content\/uploads\/2018\/11\/MATERIA%C5%81Y-3D-240x300.jpg\" sizes=\"(max-width: 240px) 100vw, 240px\" srcset=\"https:\/\/mirco.pl\/wp-content\/uploads\/2018\/11\/MATERIA\u0141Y-3D-240x300.jpg 240w, https:\/\/mirco.pl\/wp-content\/uploads\/2018\/11\/MATERIA\u0141Y-3D-600x750.jpg 600w, https:\/\/mirco.pl\/wp-content\/uploads\/2018\/11\/MATERIA\u0141Y-3D-768x960.jpg 768w, https:\/\/mirco.pl\/wp-content\/uploads\/2018\/11\/MATERIA\u0141Y-3D-819x1024.jpg 819w, https:\/\/mirco.pl\/wp-content\/uploads\/2018\/11\/MATERIA\u0141Y-3D.jpg 960w\" alt=\"\" width=\"240\" height=\"300\" \/><\/a><\/p>\n<p><a class=\"oceanwp-lightbox\" href=\"http:\/\/mirco.pl\/wp-content\/uploads\/2018\/11\/MATERIA%C5%81Y-PL.jpg\" data-slimstat=\"5\"><img loading=\"lazy\" decoding=\"async\" class=\"alignleft wp-image-482 size-medium\" src=\"http:\/\/mirco.pl\/wp-content\/uploads\/2018\/11\/MATERIA%C5%81Y-PL-240x300.jpg\" sizes=\"(max-width: 240px) 100vw, 240px\" srcset=\"https:\/\/mirco.pl\/wp-content\/uploads\/2018\/11\/MATERIA\u0141Y-PL-240x300.jpg 240w, https:\/\/mirco.pl\/wp-content\/uploads\/2018\/11\/MATERIA\u0141Y-PL-600x750.jpg 600w, https:\/\/mirco.pl\/wp-content\/uploads\/2018\/11\/MATERIA\u0141Y-PL-768x960.jpg 768w, https:\/\/mirco.pl\/wp-content\/uploads\/2018\/11\/MATERIA\u0141Y-PL-819x1024.jpg 819w, https:\/\/mirco.pl\/wp-content\/uploads\/2018\/11\/MATERIA\u0141Y-PL.jpg 960w\" alt=\"\" width=\"240\" height=\"300\" \/><\/a><\/p>\n<p><a class=\"oceanwp-lightbox\" href=\"http:\/\/mirco.pl\/wp-content\/uploads\/2018\/11\/MATERIA%C5%81Y-N.jpg\" data-slimstat=\"5\"><img loading=\"lazy\" decoding=\"async\" class=\"alignleft wp-image-478 size-medium\" src=\"http:\/\/mirco.pl\/wp-content\/uploads\/2018\/11\/MATERIA%C5%81Y-N-240x300.jpg\" sizes=\"(max-width: 240px) 100vw, 240px\" srcset=\"https:\/\/mirco.pl\/wp-content\/uploads\/2018\/11\/MATERIA\u0141Y-N-240x300.jpg 240w, https:\/\/mirco.pl\/wp-content\/uploads\/2018\/11\/MATERIA\u0141Y-N-600x750.jpg 600w, https:\/\/mirco.pl\/wp-content\/uploads\/2018\/11\/MATERIA\u0141Y-N-768x960.jpg 768w, https:\/\/mirco.pl\/wp-content\/uploads\/2018\/11\/MATERIA\u0141Y-N-819x1024.jpg 819w, https:\/\/mirco.pl\/wp-content\/uploads\/2018\/11\/MATERIA\u0141Y-N.jpg 960w\" alt=\"\" width=\"240\" height=\"300\" \/><\/a><\/p>\n<p>&nbsp;<\/p>\n<p>&nbsp;<\/p>\n<p>&nbsp;<\/p>\n<p>&nbsp;<\/p>\n<p>&nbsp;<\/p>\n<p>&nbsp;<\/p>\n<p>&nbsp;<\/p>\n<p>&nbsp;<\/p>\n<p>&nbsp;<\/p>\n<p><span style=\"font-family: Times New Roman, serif;\"><span style=\"font-size: medium;\"><b>Dimensions<\/b><\/span><\/span><\/p>\n<p><img decoding=\"async\" src=\"http:\/\/mirco.pl\/wp-content\/uploads\/2019\/01\/wymiary-rs1.jpg\" \/><\/p>\n","protected":false},"excerpt":{"rendered":"<h1><strong><span style=\"color: #ff0000;\"><a style=\"color: #ff0000;\" href=\"https:\/\/4-rally.pl\/55-mirco-rs1-fia\">BUY NOW<\/a><\/span><\/strong><\/h1>\n<p><strong>SI\u00c8GE BAQUET DE RALLYE \u00ab\u00a0MIRCO RS1\u00a0\u00bb HOMOLOGU\u00c9 DE LA NORME FIA Standard 8855\/1999 CS.294.13<\/strong><\/p>\n<p>Le si\u00e8ge baquet Mirco RS1 se caract\u00e9rise par une haute qualit\u00e9, un design int\u00e9ressant et une finition impeccable. Le baquet est fabriqu\u00e9 en stratifi\u00e9 de polyester et de fibres de verre, qui se caract\u00e9risent par une grande durabilit\u00e9 et r\u00e9sistance, garantissant la s\u00e9curit\u00e9 et le confort d&rsquo;utilisation.<\/p>\n<p>La coque et le rembourrage sont concus pour fournir un large niveau deprotection au niveau de la t\u00eate.<\/p>\n<p><u><strong>Disponible en divers mat\u00e9riaux et plusieurs variantes de couleur.<\/strong><\/u><\/p>\n<p>Dans<em>les endroits<\/em>les plus<em>expos\u00e9s<\/em>\u00e0 l&rsquo;<em>abrasion<\/em>\u00a0il y a le cuir de voiture.<\/p>\n<p>&nbsp;<\/p>\n<p><strong>INFORMATIONS SUPPL\u00c9MENTAIRES SUR LE PRODUIT:<\/strong><\/p>\n<p>Fixations: lat\u00e9rales<\/p>\n<p>Poids: 10 kg<\/p>\n<p>Homologation: FIA 8855-1999<\/p>\n<p>Contient 5 fentes pour les harnais de s\u00e9curit\u00e9<\/p>\n<p>Compatible HANS<\/p>\n<p>Destin\u00e9 aux personnes pesant jusqu&rsquo;\u00e0 80 kg et d&rsquo;une grandeur jusqu&rsquo;\u00e0 175 cm (donn\u00e9es approximatives).<\/p>\n","protected":false},"featured_media":1660,"comment_status":"closed","ping_status":"closed","template":"","meta":{"ocean_post_layout":"","ocean_both_sidebars_style":"","ocean_both_sidebars_content_width":0,"ocean_both_sidebars_sidebars_width":0,"ocean_sidebar":"0","ocean_second_sidebar":"0","ocean_disable_margins":"enable","ocean_add_body_class":"","ocean_shortcode_before_top_bar":"","ocean_shortcode_after_top_bar":"","ocean_shortcode_before_header":"","ocean_shortcode_after_header":"","ocean_has_shortcode":"","ocean_shortcode_after_title":"","ocean_shortcode_before_footer_widgets":"","ocean_shortcode_after_footer_widgets":"","ocean_shortcode_before_footer_bottom":"","ocean_shortcode_after_footer_bottom":"","ocean_display_top_bar":"default","ocean_display_header":"default","ocean_header_style":"","ocean_center_header_left_menu":"0","ocean_custom_header_template":"0","ocean_custom_logo":0,"ocean_custom_retina_logo":0,"ocean_custom_logo_max_width":0,"ocean_custom_logo_tablet_max_width":0,"ocean_custom_logo_mobile_max_width":0,"ocean_custom_logo_max_height":0,"ocean_custom_logo_tablet_max_height":0,"ocean_custom_logo_mobile_max_height":0,"ocean_header_custom_menu":"0","ocean_menu_typo_font_family":"0","ocean_menu_typo_font_subset":"","ocean_menu_typo_font_size":0,"ocean_menu_typo_font_size_tablet":0,"ocean_menu_typo_font_size_mobile":0,"ocean_menu_typo_font_size_unit":"px","ocean_menu_typo_font_weight":"","ocean_menu_typo_font_weight_tablet":"","ocean_menu_typo_font_weight_mobile":"","ocean_menu_typo_transform":"","ocean_menu_typo_transform_tablet":"","ocean_menu_typo_transform_mobile":"","ocean_menu_typo_line_height":0,"ocean_menu_typo_line_height_tablet":0,"ocean_menu_typo_line_height_mobile":0,"ocean_menu_typo_line_height_unit":"","ocean_menu_typo_spacing":0,"ocean_menu_typo_spacing_tablet":0,"ocean_menu_typo_spacing_mobile":0,"ocean_menu_typo_spacing_unit":"","ocean_menu_link_color":"","ocean_menu_link_color_hover":"","ocean_menu_link_color_active":"","ocean_menu_link_background":"","ocean_menu_link_hover_background":"","ocean_menu_link_active_background":"","ocean_menu_social_links_bg":"","ocean_menu_social_hover_links_bg":"","ocean_menu_social_links_color":"","ocean_menu_social_hover_links_color":"","ocean_disable_title":"default","ocean_disable_heading":"default","ocean_post_title":"","ocean_post_subheading":"","ocean_post_title_style":"","ocean_post_title_background_color":"","ocean_post_title_background":0,"ocean_post_title_bg_image_position":"","ocean_post_title_bg_image_attachment":"","ocean_post_title_bg_image_repeat":"","ocean_post_title_bg_image_size":"","ocean_post_title_height":0,"ocean_post_title_bg_overlay":0.5,"ocean_post_title_bg_overlay_color":"","ocean_disable_breadcrumbs":"default","ocean_breadcrumbs_color":"","ocean_breadcrumbs_separator_color":"","ocean_breadcrumbs_links_color":"","ocean_breadcrumbs_links_hover_color":"","ocean_display_footer_widgets":"default","ocean_display_footer_bottom":"default","ocean_custom_footer_template":"0"},"product_cat":[85],"product_tag":[],"class_list":{"0":"post-2453","1":"product","2":"type-product","3":"status-publish","4":"has-post-thumbnail","6":"product_cat-baquets-de-course-homologues-fia","8":"entry","9":"has-media","11":"first","12":"instock","13":"shipping-taxable","14":"product-type-grouped","15":"col","16":"span_1_of_3","17":"owp-content-center","18":"owp-thumbs-layout-horizontal","19":"owp-btn-normal","20":"owp-tabs-layout-horizontal"},"_links":{"self":[{"href":"https:\/\/mirco.pl\/fr\/wp-json\/wp\/v2\/product\/2453","targetHints":{"allow":["GET"]}}],"collection":[{"href":"https:\/\/mirco.pl\/fr\/wp-json\/wp\/v2\/product"}],"about":[{"href":"https:\/\/mirco.pl\/fr\/wp-json\/wp\/v2\/types\/product"}],"replies":[{"embeddable":true,"href":"https:\/\/mirco.pl\/fr\/wp-json\/wp\/v2\/comments?post=2453"}],"wp:featuredmedia":[{"embeddable":true,"href":"https:\/\/mirco.pl\/fr\/wp-json\/wp\/v2\/media\/1660"}],"wp:attachment":[{"href":"https:\/\/mirco.pl\/fr\/wp-json\/wp\/v2\/media?parent=2453"}],"wp:term":[{"taxonomy":"product_cat","embeddable":true,"href":"https:\/\/mirco.pl\/fr\/wp-json\/wp\/v2\/product_cat?post=2453"},{"taxonomy":"product_tag","embeddable":true,"href":"https:\/\/mirco.pl\/fr\/wp-json\/wp\/v2\/product_tag?post=2453"}],"curies":[{"name":"wp","href":"https:\/\/api.w.org\/{rel}","templated":true}]}}