{"id":3935,"date":"2024-01-09T12:46:03","date_gmt":"2024-01-09T11:46:05","guid":{"rendered":"http:\/\/mirco.pl\/?post_type=product&#038;p=3935"},"modified":"2025-07-24T08:48:32","modified_gmt":"2025-07-24T06:48:32","slug":"le-siege-mirco-st-kopia-kopia","status":"publish","type":"product","link":"https:\/\/mirco.pl\/fr\/produkt\/le-siege-mirco-st-kopia-kopia\/","title":{"rendered":"LE SI\u00c8GE MIRCO GT MAZDA MX5"},"content":{"rendered":"<div style=\"text-align: center;\">\n<p><span style=\"font-family: Verdana, sans-serif;\"><span style=\"font-size: medium;\"><b>La housse de si\u00e8ge peut \u00eatre en velours, tissu 3D, jacquard ou cuir artificiel.<\/b><\/span><\/span><\/p>\n<\/div>\n<div><\/div>\n<p><a class=\"oceanwp-lightbox\" href=\"http:\/\/mirco.pl\/wp-content\/uploads\/2018\/11\/KOLORY-MATERIA%C5%81OW-1.jpg\" data-slimstat=\"5\"><img fetchpriority=\"high\" decoding=\"async\" class=\"wp-image-469 size-full aligncenter\" src=\"http:\/\/mirco.pl\/wp-content\/uploads\/2018\/11\/KOLORY-MATERIA%C5%81OW-1.jpg\" alt=\"\" width=\"960\" height=\"250\" \/><\/a><\/p>\n<div><\/div>\n<div><\/div>\n<p><span style=\"font-family: Verdana, sans-serif;\"><span style=\"font-size: medium;\"><b>Couleurs de mat\u00e9riaux disponibles<\/b><\/span><\/span><\/p>\n<p><a class=\"oceanwp-lightbox\" href=\"http:\/\/mirco.pl\/wp-content\/uploads\/2018\/11\/MATERIA\u0141Y-240x300.jpg\" data-slimstat=\"5\"><img decoding=\"async\" class=\"alignleft wp-image-474 size-medium\" src=\"http:\/\/mirco.pl\/wp-content\/uploads\/2018\/11\/MATERIA\u0141Y-240x300.jpg\" alt=\"\" width=\"240\" height=\"300\" srcset=\"https:\/\/mirco.pl\/wp-content\/uploads\/2018\/11\/MATERIA\u0141Y-240x300.jpg 240w, https:\/\/mirco.pl\/wp-content\/uploads\/2018\/11\/MATERIA\u0141Y-600x750.jpg 600w, https:\/\/mirco.pl\/wp-content\/uploads\/2018\/11\/MATERIA\u0141Y-768x960.jpg 768w, https:\/\/mirco.pl\/wp-content\/uploads\/2018\/11\/MATERIA\u0141Y-819x1024.jpg 819w, https:\/\/mirco.pl\/wp-content\/uploads\/2018\/11\/MATERIA\u0141Y.jpg 960w\" sizes=\"(max-width: 240px) 100vw, 240px\" \/><\/a><\/p>\n<p><a class=\"oceanwp-lightbox\" href=\"http:\/\/mirco.pl\/wp-content\/uploads\/2018\/11\/MATERIA\u0141Y-3D-240x300.jpg\" data-slimstat=\"5\"><img decoding=\"async\" class=\"alignleft wp-image-486 size-medium\" src=\"http:\/\/mirco.pl\/wp-content\/uploads\/2018\/11\/MATERIA\u0141Y-3D-240x300.jpg\" alt=\"\" width=\"240\" height=\"300\" srcset=\"https:\/\/mirco.pl\/wp-content\/uploads\/2018\/11\/MATERIA\u0141Y-3D-240x300.jpg 240w, https:\/\/mirco.pl\/wp-content\/uploads\/2018\/11\/MATERIA\u0141Y-3D-600x750.jpg 600w, https:\/\/mirco.pl\/wp-content\/uploads\/2018\/11\/MATERIA\u0141Y-3D-768x960.jpg 768w, https:\/\/mirco.pl\/wp-content\/uploads\/2018\/11\/MATERIA\u0141Y-3D-819x1024.jpg 819w, https:\/\/mirco.pl\/wp-content\/uploads\/2018\/11\/MATERIA\u0141Y-3D.jpg 960w\" sizes=\"(max-width: 240px) 100vw, 240px\" \/><\/a><\/p>\n<p><a class=\"oceanwp-lightbox\" href=\"http:\/\/mirco.pl\/wp-content\/uploads\/2018\/11\/MATERIA\u0141Y-PL-240x300.jpg\" data-slimstat=\"5\"><img loading=\"lazy\" decoding=\"async\" class=\"alignleft wp-image-482 size-medium\" src=\"http:\/\/mirco.pl\/wp-content\/uploads\/2018\/11\/MATERIA\u0141Y-PL-240x300.jpg\" alt=\"\" width=\"240\" height=\"300\" srcset=\"https:\/\/mirco.pl\/wp-content\/uploads\/2018\/11\/MATERIA\u0141Y-PL-240x300.jpg 240w, https:\/\/mirco.pl\/wp-content\/uploads\/2018\/11\/MATERIA\u0141Y-PL-600x750.jpg 600w, https:\/\/mirco.pl\/wp-content\/uploads\/2018\/11\/MATERIA\u0141Y-PL-768x960.jpg 768w, https:\/\/mirco.pl\/wp-content\/uploads\/2018\/11\/MATERIA\u0141Y-PL-819x1024.jpg 819w, https:\/\/mirco.pl\/wp-content\/uploads\/2018\/11\/MATERIA\u0141Y-PL.jpg 960w\" sizes=\"(max-width: 240px) 100vw, 240px\" \/><\/a><\/p>\n<p><a class=\"oceanwp-lightbox\" href=\"http:\/\/mirco.pl\/wp-content\/uploads\/2018\/11\/MATERIA\u0141Y-N-240x300.jpg\" data-slimstat=\"5\"><img loading=\"lazy\" decoding=\"async\" class=\"alignleft wp-image-478 size-medium\" src=\"http:\/\/mirco.pl\/wp-content\/uploads\/2018\/11\/MATERIA\u0141Y-N-240x300.jpg\" alt=\"\" width=\"240\" height=\"300\" srcset=\"https:\/\/mirco.pl\/wp-content\/uploads\/2018\/11\/MATERIA\u0141Y-N-240x300.jpg 240w, https:\/\/mirco.pl\/wp-content\/uploads\/2018\/11\/MATERIA\u0141Y-N-600x750.jpg 600w, https:\/\/mirco.pl\/wp-content\/uploads\/2018\/11\/MATERIA\u0141Y-N-768x960.jpg 768w, https:\/\/mirco.pl\/wp-content\/uploads\/2018\/11\/MATERIA\u0141Y-N-819x1024.jpg 819w, https:\/\/mirco.pl\/wp-content\/uploads\/2018\/11\/MATERIA\u0141Y-N.jpg 960w\" sizes=\"(max-width: 240px) 100vw, 240px\" \/><\/a><\/p>\n<p>&nbsp;<\/p>\n<p>&nbsp;<\/p>\n<p>&nbsp;<\/p>\n<p>&nbsp;<\/p>\n<p>&nbsp;<\/p>\n<p>&nbsp;<\/p>\n<p>&nbsp;<\/p>\n<p>&nbsp;<\/p>\n<p>&nbsp;<\/p>\n<p>&nbsp;<\/p>\n<p>&nbsp;<\/p>\n<p>&nbsp;<\/p>\n<p>&nbsp;<\/p>\n","protected":false},"excerpt":{"rendered":"<h1><span style=\"color: #ff0000;\"><strong><a style=\"color: #ff0000;\" href=\"https:\/\/4-rally.pl\/132-mirco-gt-mazda\">BUY NOW<\/a><\/strong><\/span><\/h1>\n<p><strong>MIRCO GT MAZDA MX5\u00a0<\/strong><\/p>\n<p>Le fauteuil est r\u00e9alis\u00e9 en stratifi\u00e9 polyester-verre &#8211; structure monolithique,<br \/>\nSi\u00e8ge bas\u00e9 sur le mod\u00e8le GT. Les modifications utilis\u00e9es permettent de l&rsquo;installer dans la Mazda MX5. Accoudoirs raccourcis et dimensions ext\u00e9rieures r\u00e9duites dans la partie inf\u00e9rieure de la chaise.<\/p>\n<p><strong>INFORMATIONS SUPPL\u00c9MENTAIRES SUR LE PRODUIT:<\/strong><\/p>\n<p>Supports : lat\u00e9raux<br \/>\nPoids : 8,5 kg<br \/>\nLe si\u00e8ge dispose de 5 trous pour les ceintures de s\u00e9curit\u00e9<br \/>\nLe si\u00e8ge n&rsquo;est pas homologu\u00e9<br \/>\nCompatible HANS<br \/>\nCon\u00e7u pour les personnes pesant jusqu&rsquo;\u00e0 85 kg et mesurant \u00e0 partir de 185 cm* (donn\u00e9es approximatives).<\/p>\n","protected":false},"featured_media":3939,"comment_status":"closed","ping_status":"closed","template":"","meta":{"ocean_post_layout":"","ocean_both_sidebars_style":"","ocean_both_sidebars_content_width":0,"ocean_both_sidebars_sidebars_width":0,"ocean_sidebar":"0","ocean_second_sidebar":"0","ocean_disable_margins":"enable","ocean_add_body_class":"","ocean_shortcode_before_top_bar":"","ocean_shortcode_after_top_bar":"","ocean_shortcode_before_header":"","ocean_shortcode_after_header":"","ocean_has_shortcode":"","ocean_shortcode_after_title":"","ocean_shortcode_before_footer_widgets":"","ocean_shortcode_after_footer_widgets":"","ocean_shortcode_before_footer_bottom":"","ocean_shortcode_after_footer_bottom":"","ocean_display_top_bar":"default","ocean_display_header":"default","ocean_header_style":"","ocean_center_header_left_menu":"0","ocean_custom_header_template":"0","ocean_custom_logo":0,"ocean_custom_retina_logo":0,"ocean_custom_logo_max_width":0,"ocean_custom_logo_tablet_max_width":0,"ocean_custom_logo_mobile_max_width":0,"ocean_custom_logo_max_height":0,"ocean_custom_logo_tablet_max_height":0,"ocean_custom_logo_mobile_max_height":0,"ocean_header_custom_menu":"0","ocean_menu_typo_font_family":"0","ocean_menu_typo_font_subset":"","ocean_menu_typo_font_size":0,"ocean_menu_typo_font_size_tablet":0,"ocean_menu_typo_font_size_mobile":0,"ocean_menu_typo_font_size_unit":"px","ocean_menu_typo_font_weight":"","ocean_menu_typo_font_weight_tablet":"","ocean_menu_typo_font_weight_mobile":"","ocean_menu_typo_transform":"","ocean_menu_typo_transform_tablet":"","ocean_menu_typo_transform_mobile":"","ocean_menu_typo_line_height":0,"ocean_menu_typo_line_height_tablet":0,"ocean_menu_typo_line_height_mobile":0,"ocean_menu_typo_line_height_unit":"","ocean_menu_typo_spacing":0,"ocean_menu_typo_spacing_tablet":0,"ocean_menu_typo_spacing_mobile":0,"ocean_menu_typo_spacing_unit":"","ocean_menu_link_color":"","ocean_menu_link_color_hover":"","ocean_menu_link_color_active":"","ocean_menu_link_background":"","ocean_menu_link_hover_background":"","ocean_menu_link_active_background":"","ocean_menu_social_links_bg":"","ocean_menu_social_hover_links_bg":"","ocean_menu_social_links_color":"","ocean_menu_social_hover_links_color":"","ocean_disable_title":"default","ocean_disable_heading":"default","ocean_post_title":"","ocean_post_subheading":"","ocean_post_title_style":"","ocean_post_title_background_color":"","ocean_post_title_background":0,"ocean_post_title_bg_image_position":"","ocean_post_title_bg_image_attachment":"","ocean_post_title_bg_image_repeat":"","ocean_post_title_bg_image_size":"","ocean_post_title_height":0,"ocean_post_title_bg_overlay":0.5,"ocean_post_title_bg_overlay_color":"","ocean_disable_breadcrumbs":"default","ocean_breadcrumbs_color":"","ocean_breadcrumbs_separator_color":"","ocean_breadcrumbs_links_color":"","ocean_breadcrumbs_links_hover_color":"","ocean_display_footer_widgets":"default","ocean_display_footer_bottom":"default","ocean_custom_footer_template":"0"},"product_cat":[84],"product_tag":[],"class_list":{"0":"post-3935","1":"product","2":"type-product","3":"status-publish","4":"has-post-thumbnail","6":"product_cat-baquets-sports","8":"entry","9":"has-media","11":"first","12":"instock","13":"shipping-taxable","14":"purchasable","15":"product-type-simple","16":"col","17":"span_1_of_3","18":"owp-content-center","19":"owp-thumbs-layout-horizontal","20":"owp-btn-normal","21":"owp-tabs-layout-horizontal"},"_links":{"self":[{"href":"https:\/\/mirco.pl\/fr\/wp-json\/wp\/v2\/product\/3935","targetHints":{"allow":["GET"]}}],"collection":[{"href":"https:\/\/mirco.pl\/fr\/wp-json\/wp\/v2\/product"}],"about":[{"href":"https:\/\/mirco.pl\/fr\/wp-json\/wp\/v2\/types\/product"}],"replies":[{"embeddable":true,"href":"https:\/\/mirco.pl\/fr\/wp-json\/wp\/v2\/comments?post=3935"}],"wp:featuredmedia":[{"embeddable":true,"href":"https:\/\/mirco.pl\/fr\/wp-json\/wp\/v2\/media\/3939"}],"wp:attachment":[{"href":"https:\/\/mirco.pl\/fr\/wp-json\/wp\/v2\/media?parent=3935"}],"wp:term":[{"taxonomy":"product_cat","embeddable":true,"href":"https:\/\/mirco.pl\/fr\/wp-json\/wp\/v2\/product_cat?post=3935"},{"taxonomy":"product_tag","embeddable":true,"href":"https:\/\/mirco.pl\/fr\/wp-json\/wp\/v2\/product_tag?post=3935"}],"curies":[{"name":"wp","href":"https:\/\/api.w.org\/{rel}","templated":true}]}}